{"id":737,"date":"2019-09-02T08:00:18","date_gmt":"2019-09-02T08:00:18","guid":{"rendered":"https:\/\/www.tk.etf.unsa.ba\/bs\/?page_id=737"},"modified":"2026-02-26T22:05:29","modified_gmt":"2026-02-26T21:05:29","slug":"horizon-2020-openqkd","status":"publish","type":"page","link":"https:\/\/www.tk.etf.unsa.ba\/bs\/projects-2\/horizon-2020-openqkd\/","title":{"rendered":"EU Horizont 2020 &#8211; OPENQKD"},"content":{"rendered":"<p><\/p>\n<h3>OSNOVNI DETALJI<\/h3>\n<ul>\n<li><strong>Project ID: <\/strong>H2020-SU-ICT-2018-3<\/li>\n<li><strong>Web: <\/strong><a href=\"https:\/\/www.openqkd.eu\/\">https:\/\/www.openqkd.eu\/<\/a><\/li>\n<li><strong>Tip projekta:<\/strong> Internacionalni istra\u017eiva\u010dki projekat<\/li>\n<li><strong>Voditelj projekta:<\/strong> <a href=\"https:\/\/www.tk.etf.unsa.ba\/people\/miralem-mehic\/\">Miralem Mehi\u0107<\/a><\/li>\n<\/ul>\n<hr \/>\n<h3>O PROJEKTU<\/h3>\n<p><span style=\"text-decoration: underline;\">OPEN<\/span> EUR<span style=\"text-decoration: underline;\">OPE<\/span>A<span style=\"text-decoration: underline;\">N<\/span> <span style=\"text-decoration: underline;\">Q<\/span>UANTUM <span style=\"text-decoration: underline;\">K<\/span>EY <span style=\"text-decoration: underline;\">D<\/span>ISTRIBUTION TESTBED [:OPEN:]QKD<\/p>\n<p class=\"western\"><span style=\"color: #000080;\"><span lang=\"zxx\"><u><a href=\"https:\/\/cordis.europa.eu\/project\/rcn\/224682\/factsheet\/fr\"><img loading=\"lazy\" decoding=\"async\" class=\"wp-image-3639 size-full alignleft\" src=\"https:\/\/www.tk.etf.unsa.ba\/wp-content\/uploads\/2020\/10\/QKD-LOGO.png\" alt=\"\" width=\"500\" height=\"92\" srcset=\"https:\/\/www.tk.etf.unsa.ba\/wp-content\/uploads\/2020\/10\/QKD-LOGO.png 500w, https:\/\/www.tk.etf.unsa.ba\/wp-content\/uploads\/2020\/10\/QKD-LOGO-300x55.png 300w\" sizes=\"auto, (max-width: 500px) 100vw, 500px\" \/>OPENQKD<\/a><\/u><\/span><\/span> \u0107e imati za cilj da promijeni na\u010din na koji vidimo, razumijemo i koristimo <a href=\"https:\/\/ec.europa.eu\/digital-single-market\/en\/policies\/quantum-technologies\">kvantnu komunikaciju<\/a>. Njegov glavni fokus je stvaranje i testiranje komunikacijske mre\u017ene infrastrukture s ugra\u0111enim kvantnim elementom, koriste\u0107i kvantnu distribuciju kritpografskih klju\u010deva (<i>engl. Quantum Key Distribution, <\/i><a href=\"https:\/\/ec.europa.eu\/digital-single-market\/en\/glossary\/quantum-key-distribution-qkd\">QKD<\/a>), ultra-siguran oblik \u0161ifriranja koji omogu\u0107ava prijenos podataka s vrlo visokom razinom sigurnosti. Postavljat \u0107e temelje za paneuropsku kvantnu komunikacijsku infrastrukturu koja koristi satelitska i zemaljska rje\u0161enja: nedavno su Europska komisija i nekoliko zemalja EU najavili planove da zajedno rade na istra\u017eivanju razvoja takve kvantne komunikacijske infrastrukture koja povezuje <a href=\"https:\/\/ec.europa.eu\/digital-single-market\/en\/news\/future-quantum-eu-countries-plan-ultra-secure-communication-network\">europsku regija i gradova<\/a>.<\/p>\n<p class=\"western\">Hannes H\u00fcbel, nau\u010dnik s Austrijskog tehnolo\u0161kog instituta AIT i voditelj projekta OPENQKD: \u201eNakon \u0161to se uspje\u0161no demonstrirao osnovni koncept QKD-a, kvantna kriptografija je do\u0161la u zrelo stanje i ponosni smo \u0161to sada kvantnu tehnologiju prenosimo na nivo tr\u017ei\u0161ne spremnosti &#8211; spreman za upotrebu u aplikacijama za svakodnevni \u017eivot. &#8220;<\/p>\n<p class=\"western\">Helmut Leopold, \u0161ef Centra za digitalnu sigurnost i sigurnost pri Austrijskom tehnolo\u0161kom institutu, koji koordinira projekt, dodao je: \u201eEuropskom inicijativom OPENQKD, Europa gradi na svom liderstvu u znanosti i tehnologiji u sektoru kvantnih tehnologija, njeguju\u0107i sna\u017ena saradnja izme\u0111u istra\u017eivanja, industrije i javnog sektora kako bi se omogu\u0107io inovativan eko-sistem za stvaranje nove perspektive za na\u0161u sigurnu digitalnu Europu i izgradnju temelja za komunikacijske tehnologije nove generacije. \u201c<\/p>\n<h3 class=\"western\"><b>Izgradnja bli\u017eih europskih veza<\/b><\/h3>\n<p class=\"western\">Europska komisija odabrala je financirati OPENQKD nakon poziva za prijedloge programa Horizon 2020 u 2018. Njegova misija je razviti eksperimentalni testni test temeljen na QKD-u i testirati interoperabilnost opreme koju isporu\u010duju razli\u010diti proizvo\u0111a\u010di kvantiteta. Aktivnosti OPENQKD-a odvijat \u0107e se \u0161irom Evrope (u Austriji, \u0160panjolskoj, Poljskoj, Njema\u010dkoj, Holandiji, \u0160vicarskoj, Francuskoj, Italiji, Velikoj Britaniji, Gr\u010dkoj i \u010ce\u0161koj). Fokusirat \u0107e se na nekoliko klju\u010dnih podru\u010dja poslovanja, posebno telekomunikacijski sektor, gdje je potrebno osigurati promet podataka u tranzitu i u mirovanju. Ostale aplikacije, kao \u0161to su osiguranje medicinskih i vladinih podataka ili prijenos sigurnih upravlja\u010dkih signala u elektri\u010dnoj mre\u017ei tako\u0111er \u0107e biti prikazani i ocijenjen.<\/p>\n<p class=\"western\">Pored toga, OPENQKD \u0107e se baviti razvojem europskog ekosistema za provajdere kvantne tehnologije, programere aplikacija. Tako\u0111er \u0107e raditi na identificiranju novih slu\u010dajeva upotrebe podr\u017eavaju\u0107i start-up i mala i srednja poduze\u0107a, kao i nude\u0107i moderne ispitne prostore novim zainteresiranim subjektima. Daljnji cilj projekta je osmisliti standarde i sigurnosne certifikate za ovu infrastrukturu.<\/p>\n<h3 class=\"western\"><b>Univerzitet u Sarajevu<\/b><\/h3>\n<h3 class=\"western\"><b><img loading=\"lazy\" decoding=\"async\" class=\"alignleft size-medium wp-image-1500\" src=\"https:\/\/www.tk.etf.unsa.ba\/wp-content\/uploads\/2019\/08\/laser-beams-300x240.jpg\" alt=\"\" width=\"300\" height=\"240\" srcset=\"https:\/\/www.tk.etf.unsa.ba\/wp-content\/uploads\/2019\/08\/laser-beams-300x240.jpg 300w, https:\/\/www.tk.etf.unsa.ba\/wp-content\/uploads\/2019\/08\/laser-beams-768x614.jpg 768w, https:\/\/www.tk.etf.unsa.ba\/wp-content\/uploads\/2019\/08\/laser-beams-1024x819.jpg 1024w, https:\/\/www.tk.etf.unsa.ba\/wp-content\/uploads\/2019\/08\/laser-beams.jpg 1430w\" sizes=\"auto, (max-width: 300px) 100vw, 300px\" \/><\/b><\/h3>\n<p class=\"western\" align=\"justify\"><span style=\"font-size: 12pt;\">Univerzitet u Sarajevu \u0107e u projektnom konzorciju biti uklju\u010den u domenu mre\u017enog upravljanja saobra\u0107aja generisanim od strane kvantnih ure\u0111aja te modeliranja upravlja\u010dkih nadzornih i kontrolnih mehanizama. <\/span><\/p>\n<p class=\"western\" align=\"justify\"><span style=\"font-size: 12pt;\">Dekan Elektrotehni\u010dkog fakulteta, Prof.dr. Jasmin Velagi\u0107 poja\u0161njava da \u0107e se ovim projektom omogu\u0107iti participiranje u razvojnom konzorciju naprednih telekomunikacijskih tehnika \u0161to predstavlja veliki zna\u010daj za Univerzitet kroz sticanje naprednih znanja i nau\u010dnih iskustava. Projekat pru\u017ea priliku za u\u010de\u0161\u0107e mladih istra\u017eiva\u010da u vrhunskim nau\u010dno-istra\u017eiva\u010dkim aktivnostima na me\u0111unarnodnom nivou. <\/span><\/p>\n<p class=\"western\" align=\"justify\"><span style=\"font-size: 12pt;\">Voditelj istra\u017eiva\u010dkog tima ispred Univerziteta u Sarajevu Doc.dr. Miralem Mehi\u0107 je naglasio da se radi o prvom istra\u017eiva\u010dkom projektu u oblasti kvantne kriptografije u Bosni i Hercegovini te Univerzitet u Sarajevu ima \u010dast i priliku sara\u0111ivati sa eminentnim nau\u010dnim institucijama. Ovaj projekat \u0107e otvoriti vrata da se ste\u010dena znanja i iskustva iskoriste za modernizaciju nastavnih planova i programa, organizovanje predavanja i radionica sa ciljem preno\u0161enja znanja o kvantnoj tehnologiji u Bosni Hercegovini.<\/span><\/p>\n<p class=\"western\" align=\"justify\"><span style=\"font-size: 12pt;\">Ukupan bud\u017eet projekta OPENQKD iznosi 15 miliona eura sa trajanjem od tri godine. Projektni konzorcij \u010dini 38 partnera iz 13 dr\u017eava \u010dlanica i pridru\u017eenih dr\u017eava Horizon 2020. Partneri u konzorcijumu pokrivaju \u0161irok spektar nadle\u017enosti, uklju\u010duju\u0107i proizvo\u0111a\u010de kvantne opreme, telekom operatore, sistemske integratore, mala i srednja preduze\u0107a, organizacije za istra\u017eivanje i tehnologiju, univerzitete i institute, organe za certificiranje i standardizaciju i krajnje korisnike.<\/span><\/p>\n<h3 align=\"justify\">Projektni konzorcij<\/h3>\n<ol>\n<li>ADVA OPTICAL NETWORKING SE, Njema\u010dka<\/li>\n<li>AIT AustrijaN INSTITUTE OF TECHNOLOGY GMBH, Austrija<\/li>\n<li>BRITISH TELECOMMUNICATIONS PUBLIC LIMITED COMPANY, Velika Britanija<\/li>\n<li>CENTRE NATIONAL DE LA RECHERCHE SCIENTIFIQUE CNRS, Francuska<\/li>\n<li>CITYCOM TELEKOMMUNIKATION GMBH, Austrija<\/li>\n<li>DANMARKS TEKNISKE UNIVERSITET, Danska<\/li>\n<li>DEUTSCHE TELEKOM AG, Njema\u010dka<\/li>\n<li>DEUTSCHES ZENTRUM FUER LUFT &#8211; UND RAUMFAHRT EV, Njema\u010dka<\/li>\n<li>DIN DEUTSCHES INSTITUT FUER NORMUNG E.V., Njema\u010dka<\/li>\n<li>FRAGMENTIX STORAGE SOLUTIONS GMBH, Austrija<\/li>\n<li>FUNDACIO INSTITUT DE CIENCIES FOTONIQUES, \u0160panija<\/li>\n<li>FUNDACION IMDEA SOFTWARE, \u0160panija<\/li>\n<li>ID QUANTIQUE SA, \u0160vicaraska<\/li>\n<li>INSTITUT MINES-TELECOM, Francuska<\/li>\n<li>INSTYTUT CHEMII BIOORGANICZNEJ POLSKIEJ AKADEMII NAUK, Poljska<\/li>\n<li>IXBLUE, Francuska<\/li>\n<li>VYSOKA SKOLA BANSKA &#8211; TECHNICKA UNIVERZITA OSTRAVA, \u010ce\u0161ka<\/li>\n<li>LUDWIG-MAXIMILIANS-UNIVERSITAET MUNCHEN, Njema\u010dka<\/li>\n<li>MAX-PLANCK-GESELLSCHAFT ZUR FORDERUNG DER WISSENSCHAFTEN EV, Njema\u010dka<\/li>\n<li>MEDIZINISCHE UNIVERSITAT GRAZ, Austrija<\/li>\n<li>MELLANOX TECHNOLOGIES LTD &#8211; MLNX, Izrael<\/li>\n<li>MT PELERIN GROUP SA, \u0160vicaraska<\/li>\n<li>NOKIA BELL LABS Francuska, Francuska<\/li>\n<li>NPL MANAGEMENT LIMITED, Velika Britanija<\/li>\n<li>OESTERREICHISCHE AKADEMIE DER WISSENSCHAFTEN, Austrija<\/li>\n<li>ORANGE SA, Francuska<\/li>\n<li>ROHDE &amp; SCHWARZ CYBERSECURITY GMBH, Njema\u010dka<\/li>\n<li>SERVICES INDUSTRIELS DE GENEVE, \u0160vicaraska<\/li>\n<li>TECHNISCHE UNIVERSITEIT DELFT, NETHERLANDS<\/li>\n<li>TELEFONICA INVESTIGACION Y DESARROLLO SA, \u0160panija<\/li>\n<li>UNIVERSITY OF SARAJEVO, Bosna i Hercegovina<\/li>\n<li>THALES ALENIA SPACE Francuska, Francuska<\/li>\n<li>THALES SIX GTS Francuska SAS, Francuska<\/li>\n<li>THE CHANCELLOR MASTERS AND SCHOLARS OF THE UNIVERSITY OF CAMBRIDGE, Velika Britanija<\/li>\n<li>TOSHIBA RESEARCH EUROPE LIMITED, Velika Britanija<\/li>\n<li>UNIVERSIDAD POLITECNICA DE MADRID, \u0160panija<\/li>\n<li>UNIVERSITA DEGLI STUDI DI PADOVA, Italija<\/li>\n<li>UNIVERSITE DE GENEVE, \u0160vicaraska<\/li>\n<\/ol>\n<p><a href=\"https:\/\/cordis.europa.eu\/project\/rcn\/224682\/factsheet\/fr\"><img loading=\"lazy\" decoding=\"async\" class=\"aligncenter wp-image-1489 size-full\" src=\"https:\/\/www.tk.etf.unsa.ba\/wp-content\/uploads\/2019\/08\/openqkd_consortium_map.jpg\" alt=\"\" width=\"788\" height=\"559\" srcset=\"https:\/\/www.tk.etf.unsa.ba\/wp-content\/uploads\/2019\/08\/openqkd_consortium_map.jpg 788w, https:\/\/www.tk.etf.unsa.ba\/wp-content\/uploads\/2019\/08\/openqkd_consortium_map-300x213.jpg 300w, https:\/\/www.tk.etf.unsa.ba\/wp-content\/uploads\/2019\/08\/openqkd_consortium_map-768x545.jpg 768w\" sizes=\"auto, (max-width: 788px) 100vw, 788px\" \/><\/a><\/p>\n<p>Vi\u0161e detalja na <a href=\"https:\/\/cordis.europa.eu\/project\/rcn\/224682\/factsheet\/fr\">https:\/\/cordis.europa.eu\/project\/rcn\/224682\/factsheet\/fr<\/a><\/p>\n<p><\/p>\n<h3>OSNOVNI DETALJI<\/h3>\n<ul>\n<li><strong>Project ID: <\/strong>H2020-SU-ICT-2018-3<\/li>\n<li><strong>Web: <\/strong><a href=\"https:\/\/www.openqkd.eu\/\">https:\/\/www.openqkd.eu\/<\/a><\/li>\n<li><strong>Tip projekta:<\/strong> Internacionalni istra\u017eiva\u010dki projekat<\/li>\n<li><strong>Voditelj projekta:<\/strong> <a href=\"https:\/\/www.tk.etf.unsa.ba\/people\/miralem-mehic\/\">Miralem Mehi\u0107<\/a><\/li>\n<\/ul>\n<hr \/>\n<h3>O PROJEKTU<\/h3>\n<p><span style=\"text-decoration: underline;\">OPEN<\/span> EUR<span style=\"text-decoration: underline;\">OPE<\/span>A<span style=\"text-decoration: underline;\">N<\/span> <span style=\"text-decoration: underline;\">Q<\/span>UANTUM <span style=\"text-decoration: underline;\">K<\/span>EY <span style=\"text-decoration: underline;\">D<\/span>ISTRIBUTION TESTBED [:OPEN:]QKD<\/p>\n<p class=\"western\"><span style=\"color: #000080;\"><span lang=\"zxx\"><u><a href=\"https:\/\/cordis.europa.eu\/project\/rcn\/224682\/factsheet\/fr\"><img loading=\"lazy\" decoding=\"async\" class=\"wp-image-3639 size-full alignleft\" src=\"https:\/\/www.tk.etf.unsa.ba\/wp-content\/uploads\/2020\/10\/QKD-LOGO.png\" alt=\"\" width=\"500\" height=\"92\" srcset=\"https:\/\/www.tk.etf.unsa.ba\/wp-content\/uploads\/2020\/10\/QKD-LOGO.png 500w, https:\/\/www.tk.etf.unsa.ba\/wp-content\/uploads\/2020\/10\/QKD-LOGO-300x55.png 300w\" sizes=\"auto, (max-width: 500px) 100vw, 500px\" \/>OPENQKD<\/a><\/u><\/span><\/span> \u0107e imati za cilj da promijeni na\u010din na koji vidimo, razumijemo i koristimo <a href=\"https:\/\/ec.europa.eu\/digital-single-market\/en\/policies\/quantum-technologies\">kvantnu komunikaciju<\/a>. Njegov glavni fokus je stvaranje i testiranje komunikacijske mre\u017ene infrastrukture s ugra\u0111enim kvantnim elementom, koriste\u0107i kvantnu distribuciju kritpografskih klju\u010deva (<i>engl. Quantum Key Distribution, <\/i><a href=\"https:\/\/ec.europa.eu\/digital-single-market\/en\/glossary\/quantum-key-distribution-qkd\">QKD<\/a>), ultra-siguran oblik \u0161ifriranja koji omogu\u0107ava prijenos podataka s vrlo visokom razinom sigurnosti. Postavljat \u0107e temelje za paneuropsku kvantnu komunikacijsku infrastrukturu koja koristi satelitska i zemaljska rje\u0161enja: nedavno su Europska komisija i nekoliko zemalja EU najavili planove da zajedno rade na istra\u017eivanju razvoja takve kvantne komunikacijske infrastrukture koja povezuje <a href=\"https:\/\/ec.europa.eu\/digital-single-market\/en\/news\/future-quantum-eu-countries-plan-ultra-secure-communication-network\">europsku regija i gradova<\/a>.<\/p>\n<p class=\"western\">Hannes H\u00fcbel, nau\u010dnik s Austrijskog tehnolo\u0161kog instituta AIT i voditelj projekta OPENQKD: \u201eNakon \u0161to se uspje\u0161no demonstrirao osnovni koncept QKD-a, kvantna kriptografija je do\u0161la u zrelo stanje i ponosni smo \u0161to sada kvantnu tehnologiju prenosimo na nivo tr\u017ei\u0161ne spremnosti &#8211; spreman za upotrebu u aplikacijama za svakodnevni \u017eivot. &#8220;<\/p>\n<p class=\"western\">Helmut Leopold, \u0161ef Centra za digitalnu sigurnost i sigurnost pri Austrijskom tehnolo\u0161kom institutu, koji koordinira projekt, dodao je: \u201eEuropskom inicijativom OPENQKD, Europa gradi na svom liderstvu u znanosti i tehnologiji u sektoru kvantnih tehnologija, njeguju\u0107i sna\u017ena saradnja izme\u0111u istra\u017eivanja, industrije i javnog sektora kako bi se omogu\u0107io inovativan eko-sistem za stvaranje nove perspektive za na\u0161u sigurnu digitalnu Europu i izgradnju temelja za komunikacijske tehnologije nove generacije. \u201c<\/p>\n<h3 class=\"western\"><b>Izgradnja bli\u017eih europskih veza<\/b><\/h3>\n<p class=\"western\">Europska komisija odabrala je financirati OPENQKD nakon poziva za prijedloge programa Horizon 2020 u 2018. Njegova misija je razviti eksperimentalni testni test temeljen na QKD-u i testirati interoperabilnost opreme koju isporu\u010duju razli\u010diti proizvo\u0111a\u010di kvantiteta. Aktivnosti OPENQKD-a odvijat \u0107e se \u0161irom Evrope (u Austriji, \u0160panjolskoj, Poljskoj, Njema\u010dkoj, Holandiji, \u0160vicarskoj, Francuskoj, Italiji, Velikoj Britaniji, Gr\u010dkoj i \u010ce\u0161koj). Fokusirat \u0107e se na nekoliko klju\u010dnih podru\u010dja poslovanja, posebno telekomunikacijski sektor, gdje je potrebno osigurati promet podataka u tranzitu i u mirovanju. Ostale aplikacije, kao \u0161to su osiguranje medicinskih i vladinih podataka ili prijenos sigurnih upravlja\u010dkih signala u elektri\u010dnoj mre\u017ei tako\u0111er \u0107e biti prikazani i ocijenjen.<\/p>\n<p class=\"western\">Pored toga, OPENQKD \u0107e se baviti razvojem europskog ekosistema za provajdere kvantne tehnologije, programere aplikacija. Tako\u0111er \u0107e raditi na identificiranju novih slu\u010dajeva upotrebe podr\u017eavaju\u0107i start-up i mala i srednja poduze\u0107a, kao i nude\u0107i moderne ispitne prostore novim zainteresiranim subjektima. Daljnji cilj projekta je osmisliti standarde i sigurnosne certifikate za ovu infrastrukturu.<\/p>\n<h3 class=\"western\"><b>Univerzitet u Sarajevu<\/b><\/h3>\n<h3 class=\"western\"><b><img loading=\"lazy\" decoding=\"async\" class=\"alignleft size-medium wp-image-1500\" src=\"https:\/\/www.tk.etf.unsa.ba\/wp-content\/uploads\/2019\/08\/laser-beams-300x240.jpg\" alt=\"\" width=\"300\" height=\"240\" srcset=\"https:\/\/www.tk.etf.unsa.ba\/wp-content\/uploads\/2019\/08\/laser-beams-300x240.jpg 300w, https:\/\/www.tk.etf.unsa.ba\/wp-content\/uploads\/2019\/08\/laser-beams-768x614.jpg 768w, https:\/\/www.tk.etf.unsa.ba\/wp-content\/uploads\/2019\/08\/laser-beams-1024x819.jpg 1024w, https:\/\/www.tk.etf.unsa.ba\/wp-content\/uploads\/2019\/08\/laser-beams.jpg 1430w\" sizes=\"auto, (max-width: 300px) 100vw, 300px\" \/><\/b><\/h3>\n<p class=\"western\" align=\"justify\"><span style=\"font-size: 12pt;\">Univerzitet u Sarajevu \u0107e u projektnom konzorciju biti uklju\u010den u domenu mre\u017enog upravljanja saobra\u0107aja generisanim od strane kvantnih ure\u0111aja te modeliranja upravlja\u010dkih nadzornih i kontrolnih mehanizama. <\/span><\/p>\n<p class=\"western\" align=\"justify\"><span style=\"font-size: 12pt;\">Dekan Elektrotehni\u010dkog fakulteta, Prof.dr. Jasmin Velagi\u0107 poja\u0161njava da \u0107e se ovim projektom omogu\u0107iti participiranje u razvojnom konzorciju naprednih telekomunikacijskih tehnika \u0161to predstavlja veliki zna\u010daj za Univerzitet kroz sticanje naprednih znanja i nau\u010dnih iskustava. Projekat pru\u017ea priliku za u\u010de\u0161\u0107e mladih istra\u017eiva\u010da u vrhunskim nau\u010dno-istra\u017eiva\u010dkim aktivnostima na me\u0111unarnodnom nivou. <\/span><\/p>\n<p class=\"western\" align=\"justify\"><span style=\"font-size: 12pt;\">Voditelj istra\u017eiva\u010dkog tima ispred Univerziteta u Sarajevu Doc.dr. Miralem Mehi\u0107 je naglasio da se radi o prvom istra\u017eiva\u010dkom projektu u oblasti kvantne kriptografije u Bosni i Hercegovini te Univerzitet u Sarajevu ima \u010dast i priliku sara\u0111ivati sa eminentnim nau\u010dnim institucijama. Ovaj projekat \u0107e otvoriti vrata da se ste\u010dena znanja i iskustva iskoriste za modernizaciju nastavnih planova i programa, organizovanje predavanja i radionica sa ciljem preno\u0161enja znanja o kvantnoj tehnologiji u Bosni Hercegovini.<\/span><\/p>\n<p class=\"western\" align=\"justify\"><span style=\"font-size: 12pt;\">Ukupan bud\u017eet projekta OPENQKD iznosi 15 miliona eura sa trajanjem od tri godine. Projektni konzorcij \u010dini 38 partnera iz 13 dr\u017eava \u010dlanica i pridru\u017eenih dr\u017eava Horizon 2020. Partneri u konzorcijumu pokrivaju \u0161irok spektar nadle\u017enosti, uklju\u010duju\u0107i proizvo\u0111a\u010de kvantne opreme, telekom operatore, sistemske integratore, mala i srednja preduze\u0107a, organizacije za istra\u017eivanje i tehnologiju, univerzitete i institute, organe za certificiranje i standardizaciju i krajnje korisnike.<\/span><\/p>\n<h3 align=\"justify\">Projektni konzorcij<\/h3>\n<ol>\n<li>ADVA OPTICAL NETWORKING SE, Njema\u010dka<\/li>\n<li>AIT AustrijaN INSTITUTE OF TECHNOLOGY GMBH, Austrija<\/li>\n<li>BRITISH TELECOMMUNICATIONS PUBLIC LIMITED COMPANY, Velika Britanija<\/li>\n<li>CENTRE NATIONAL DE LA RECHERCHE SCIENTIFIQUE CNRS, Francuska<\/li>\n<li>CITYCOM TELEKOMMUNIKATION GMBH, Austrija<\/li>\n<li>DANMARKS TEKNISKE UNIVERSITET, Danska<\/li>\n<li>DEUTSCHE TELEKOM AG, Njema\u010dka<\/li>\n<li>DEUTSCHES ZENTRUM FUER LUFT &#8211; UND RAUMFAHRT EV, Njema\u010dka<\/li>\n<li>DIN DEUTSCHES INSTITUT FUER NORMUNG E.V., Njema\u010dka<\/li>\n<li>FRAGMENTIX STORAGE SOLUTIONS GMBH, Austrija<\/li>\n<li>FUNDACIO INSTITUT DE CIENCIES FOTONIQUES, \u0160panija<\/li>\n<li>FUNDACION IMDEA SOFTWARE, \u0160panija<\/li>\n<li>ID QUANTIQUE SA, \u0160vicaraska<\/li>\n<li>INSTITUT MINES-TELECOM, Francuska<\/li>\n<li>INSTYTUT CHEMII BIOORGANICZNEJ POLSKIEJ AKADEMII NAUK, Poljska<\/li>\n<li>IXBLUE, Francuska<\/li>\n<li>VYSOKA SKOLA BANSKA &#8211; TECHNICKA UNIVERZITA OSTRAVA, \u010ce\u0161ka<\/li>\n<li>LUDWIG-MAXIMILIANS-UNIVERSITAET MUNCHEN, Njema\u010dka<\/li>\n<li>MAX-PLANCK-GESELLSCHAFT ZUR FORDERUNG DER WISSENSCHAFTEN EV, Njema\u010dka<\/li>\n<li>MEDIZINISCHE UNIVERSITAT GRAZ, Austrija<\/li>\n<li>MELLANOX TECHNOLOGIES LTD &#8211; MLNX, Izrael<\/li>\n<li>MT PELERIN GROUP SA, \u0160vicaraska<\/li>\n<li>NOKIA BELL LABS Francuska, Francuska<\/li>\n<li>NPL MANAGEMENT LIMITED, Velika Britanija<\/li>\n<li>OESTERREICHISCHE AKADEMIE DER WISSENSCHAFTEN, Austrija<\/li>\n<li>ORANGE SA, Francuska<\/li>\n<li>ROHDE &amp; SCHWARZ CYBERSECURITY GMBH, Njema\u010dka<\/li>\n<li>SERVICES INDUSTRIELS DE GENEVE, \u0160vicaraska<\/li>\n<li>TECHNISCHE UNIVERSITEIT DELFT, NETHERLANDS<\/li>\n<li>TELEFONICA INVESTIGACION Y DESARROLLO SA, \u0160panija<\/li>\n<li>UNIVERSITY OF SARAJEVO, Bosna i Hercegovina<\/li>\n<li>THALES ALENIA SPACE Francuska, Francuska<\/li>\n<li>THALES SIX GTS Francuska SAS, Francuska<\/li>\n<li>THE CHANCELLOR MASTERS AND SCHOLARS OF THE UNIVERSITY OF CAMBRIDGE, Velika Britanija<\/li>\n<li>TOSHIBA RESEARCH EUROPE LIMITED, Velika Britanija<\/li>\n<li>UNIVERSIDAD POLITECNICA DE MADRID, \u0160panija<\/li>\n<li>UNIVERSITA DEGLI STUDI DI PADOVA, Italija<\/li>\n<li>UNIVERSITE DE GENEVE, \u0160vicaraska<\/li>\n<\/ol>\n<p><a href=\"https:\/\/cordis.europa.eu\/project\/rcn\/224682\/factsheet\/fr\"><img loading=\"lazy\" decoding=\"async\" class=\"aligncenter wp-image-1489 size-full\" src=\"https:\/\/www.tk.etf.unsa.ba\/wp-content\/uploads\/2019\/08\/openqkd_consortium_map.jpg\" alt=\"\" width=\"788\" height=\"559\" srcset=\"https:\/\/www.tk.etf.unsa.ba\/wp-content\/uploads\/2019\/08\/openqkd_consortium_map.jpg 788w, https:\/\/www.tk.etf.unsa.ba\/wp-content\/uploads\/2019\/08\/openqkd_consortium_map-300x213.jpg 300w, https:\/\/www.tk.etf.unsa.ba\/wp-content\/uploads\/2019\/08\/openqkd_consortium_map-768x545.jpg 768w\" sizes=\"auto, (max-width: 788px) 100vw, 788px\" \/><\/a><\/p>\n<p>Vi\u0161e detalja na <a href=\"https:\/\/cordis.europa.eu\/project\/rcn\/224682\/factsheet\/fr\">https:\/\/cordis.europa.eu\/project\/rcn\/224682\/factsheet\/fr<\/a><\/p>\n<p>&nbsp;<\/p>","protected":false},"excerpt":{"rendered":"<p>OSNOVNI DETALJI Project ID: H2020-SU-ICT-2018-3 Web: https:\/\/www.openqkd.eu\/ Tip projekta: Internacionalni istra\u017eiva\u010dki projekat Voditelj projekta: Miralem Mehi\u0107 O PROJEKTU OPEN EUROPEAN QUANTUM KEY DISTRIBUTION TESTBED [:OPEN:]QKD OPENQKD \u0107e imati za cilj da promijeni na\u010din na koji vidimo, razumijemo i koristimo kvantnu komunikaciju. Njegov glavni fokus je stvaranje i testiranje komunikacijske mre\u017ene infrastrukture s ugra\u0111enim kvantnim elementom,&#8230; <\/p>\n<div class=\"clear\"><\/div>\n<p><a href=\"https:\/\/www.tk.etf.unsa.ba\/bs\/projects-2\/horizon-2020-openqkd\/\" class=\"excerpt-read-more\">Continue Reading<i class=\"fa fa-long-arrow-right icon-long-arrow-right\"><\/i><\/a><\/p>\n","protected":false},"author":2,"featured_media":0,"parent":56964,"menu_order":0,"comment_status":"closed","ping_status":"closed","template":"","meta":{"_acf_changed":false,"footnotes":""},"class_list":["post-737","page","type-page","status-publish","hentry","page_category-projekti"],"acf":[],"_links":{"self":[{"href":"https:\/\/www.tk.etf.unsa.ba\/bs\/wp-json\/wp\/v2\/pages\/737","targetHints":{"allow":["GET"]}}],"collection":[{"href":"https:\/\/www.tk.etf.unsa.ba\/bs\/wp-json\/wp\/v2\/pages"}],"about":[{"href":"https:\/\/www.tk.etf.unsa.ba\/bs\/wp-json\/wp\/v2\/types\/page"}],"author":[{"embeddable":true,"href":"https:\/\/www.tk.etf.unsa.ba\/bs\/wp-json\/wp\/v2\/users\/2"}],"replies":[{"embeddable":true,"href":"https:\/\/www.tk.etf.unsa.ba\/bs\/wp-json\/wp\/v2\/comments?post=737"}],"version-history":[{"count":10,"href":"https:\/\/www.tk.etf.unsa.ba\/bs\/wp-json\/wp\/v2\/pages\/737\/revisions"}],"predecessor-version":[{"id":57181,"href":"https:\/\/www.tk.etf.unsa.ba\/bs\/wp-json\/wp\/v2\/pages\/737\/revisions\/57181"}],"up":[{"embeddable":true,"href":"https:\/\/www.tk.etf.unsa.ba\/bs\/wp-json\/wp\/v2\/pages\/56964"}],"wp:attachment":[{"href":"https:\/\/www.tk.etf.unsa.ba\/bs\/wp-json\/wp\/v2\/media?parent=737"}],"curies":[{"name":"wp","href":"https:\/\/api.w.org\/{rel}","templated":true}]}}