{"id":57234,"date":"2026-03-03T16:45:03","date_gmt":"2026-03-03T15:45:03","guid":{"rendered":"https:\/\/www.tk.etf.unsa.ba\/?page_id=57234"},"modified":"2026-03-03T23:48:01","modified_gmt":"2026-03-03T22:48:01","slug":"mcsa-dn-questing","status":"publish","type":"page","link":"https:\/\/www.tk.etf.unsa.ba\/bs\/projects-2\/mcsa-dn-questing\/","title":{"rendered":"EU MCSA DN &#8211; QUESTING"},"content":{"rendered":"<p><\/p>\n<h3>OSNOVNI DETALJI<\/h3>\n<ul>\n<li><strong>Project ID: <\/strong>H2020-SU-ICT-2018-3<\/li>\n<li><strong>Web: <\/strong><a href=\"https:\/\/www.openqkd.eu\/\">https:\/\/www.openqkd.eu\/<\/a><\/li>\n<li><strong>Tip projekta:<\/strong> Internacionalni istra\u017eiva\u010dki projekat<\/li>\n<li><strong>Voditelj projekta:<\/strong> <a href=\"https:\/\/www.tk.etf.unsa.ba\/people\/miralem-mehic\/\">Miralem Mehi\u0107<\/a><\/li>\n<\/ul>\n<p><img loading=\"lazy\" decoding=\"async\" class=\"size-full wp-image-57237 alignleft\" src=\"https:\/\/www.tk.etf.unsa.ba\/wp-content\/uploads\/2026\/03\/msc.png\" alt=\"\" width=\"99\" height=\"69\" \/><\/p>\n<p>&nbsp;<\/p>\n<p>&nbsp;<\/p>\n<p>&nbsp;<\/p>\n<hr \/>\n<h3>O PROJEKTU<\/h3>\n<p><span lang=\"zxx\"><u><a href=\"https:\/\/cordis.europa.eu\/project\/rcn\/224682\/factsheet\/fr\"><img loading=\"lazy\" decoding=\"async\" class=\"wp-image-57236  alignleft\" src=\"https:\/\/www.tk.etf.unsa.ba\/wp-content\/uploads\/2026\/03\/questing_logo.png\" alt=\"\" width=\"373\" height=\"112\" srcset=\"https:\/\/www.tk.etf.unsa.ba\/wp-content\/uploads\/2026\/03\/questing_logo.png 852w, https:\/\/www.tk.etf.unsa.ba\/wp-content\/uploads\/2026\/03\/questing_logo-300x90.png 300w, https:\/\/www.tk.etf.unsa.ba\/wp-content\/uploads\/2026\/03\/questing_logo-768x231.png 768w\" sizes=\"auto, (max-width: 373px) 100vw, 373px\" \/><\/a><\/u><\/span><span class=\"HwtZe\" lang=\"bs\"><span class=\"jCAhz ChMk0b\"><span class=\"ryNqvb\">Doktorska mre\u017ea za dizajniranje, upravljanje i otklanjanje gre\u0161aka u kvantnim mre\u017eama (QUESTING) je revolucionarna evropska inicijativa za obuku koju podr\u017eavaju akcije Horizon Europe Marie Sk\u0142odowska-Curie.<\/span><\/span> <span class=\"jCAhz ChMk0b\"><span class=\"ryNqvb\">Na\u0161 cilj je eliminirati veliki nedostatak vje\u0161tina u podru\u010dju kvantne tehnologije i istovremeno obu\u010diti nove istra\u017eiva\u010de koji \u0107e biti odgovorni za izgradnju budu\u0107nosti sigurnih i efikasnih komunikacijskih mre\u017ea: kvantnog interneta.<\/span><\/span><span class=\"jCAhz ChMk0b\"><span class=\"ryNqvb\"> Brza evolucija kvantnog ra\u010dunarstva i komunikacije nadma\u0161ila je potra\u017enju za specijaliziranom, interdisciplinarnom obukom.<\/span><\/span> <\/span><\/p>\n<p><span class=\"HwtZe\" lang=\"bs\"><span class=\"jCAhz ChMk0b\"><span class=\"ryNqvb\">Projekt QUESTING koordinira grupa vode\u0107ih svjetskih akademskih institucija i industrijskih partnera koji \u0107e, pru\u017eaju\u0107i strukturirano, me\u0111usektorsko, interprofesionalno okru\u017eenje, proizvesti 15 doktorskih kandidata koji mogu postati inovatori koji su ovom podru\u010dju hitno potrebni.<\/span><\/span><span class=\"jCAhz\"><span class=\"ryNqvb\"> QUESTING se bavi slo\u017eenim izazovima dizajna, upravljanja i rada kvantnih mre\u017ea, s posebnim fokusom na algoritamske aspekte.<\/span><\/span> <span class=\"jCAhz ChMk0b\"><span class=\"ryNqvb\">Nagla\u0161avaju\u0107i velike distribuirane kvantne mre\u017ee, hibridnu klasi\u010dno-kvantnu komunikaciju i primjene izvan ra\u010dunarstva, inicijativa ima za cilj prevladati ograni\u010denja velikih kvantnih procesora umre\u017eavanjem manjih putem Kvantnog interneta.<\/span><\/span> <span class=\"jCAhz\"><span class=\"ryNqvb\">Projekt koristi prepletenost kao klju\u010dni resurs, rje\u0161avaju\u0107i izazove u topolo\u0161kom in\u017eenjerstvu za optimalne performanse mre\u017ee.<\/span><\/span> <span class=\"jCAhz ChMk0b\"><span class=\"ryNqvb\">Me\u0111utim, prepletenost je krhka i predstavlja izazove u smislu topolo\u0161kog in\u017eenjerstva mre\u017ee, vjernosti veze, latencije i optimizacije brzine prepletenosti, uzimaju\u0107i u obzir ograni\u010denja nametnuta fenomenom dekoherencije.<\/span><\/span> <span class=\"jCAhz ChMk0b\"><span class=\"ryNqvb\">Upravljanje takvim mre\u017eama zahtijeva karakterizaciju razli\u010ditih komponenti za metriku performansi, dijagnozu gre\u0161aka i lokalizaciju.<\/span><\/span> <\/span><\/p>\n<p><span class=\"HwtZe\" lang=\"bs\"><span class=\"jCAhz ChMk0b\"><span class=\"ryNqvb\">QUESTING ima za cilj rije\u0161iti gore navedene izazove kako bi se maksimizirala brzina i vjernost prijenosa elektronskih bitova uz minimalne kvantne operacije, istovremeno omogu\u0107avaju\u0107i otkrivanje gre\u0161aka i adaptivno ispravljanje.<\/span><\/span> <span class=\"jCAhz ChMk0b\"><span class=\"ryNqvb\">Interdisciplinarna, me\u0111unarodna i me\u0111usektorska mre\u017ea QUESTING istra\u017euje matematiku, fiziku, ra\u010dunarstvo, kriptografiju i komunikacijski in\u017eenjering iz klasi\u010dnog i kvantnog svijeta kako bi se uhvatila u ko\u0161tac s klju\u010dnim izazovima u razvoju kvantnih mre\u017ea.<\/span><\/span><\/span><\/p>\n<h3 align=\"justify\">Projektni konzorcij<\/h3>\n<ol>\n<li>Trinity College Dublin, Ireland<\/li>\n<li>SOUTH EAST TECHNOLOGICAL UNIVERSITY Ireland (Partner)<\/li>\n<li>TECHNISCHE UNIVERSITEIT DELFT Netherlands (Partner)<\/li>\n<li>UNIVERSITA DEGLI STUDI DI NAPOLI FEDERICO II, Italy (Partner)<\/li>\n<li>UNIVERZITET U SARAJEVU Bosnia and Herzegovina (Partner)<\/li>\n<li>SORBONNE UNIVERSITE France (Partner)<\/li>\n<li>UNIVERSITY OF ESSEX United Kingdom (Partner)<\/li>\n<li>TELECOM ITALIA SPA Italy (Associated)<\/li>\n<li>NATIONAL UNIVERSITY OF IRELAND GALWAY, Ireland (Associated)<\/li>\n<li>FUNDACION IMDEA NETWORKS Spain (Associated)<\/li>\n<li>Nu Quantum LtdUnited Kingdom (Associated)<\/li>\n<li>EURECOM GIEFrance (Associated)<\/li>\n<li>STICHTING SURF Netherlands (Associated)<\/li>\n<li>AIT AUSTRIAN INSTITUTE OF TECHNOLOGY GMBH Austria (Associated)<\/li>\n<li>BRITISH TELECOMMUNICATIONS PLC United Kingdom (Associated)<\/li>\n<\/ol>\n<p><img loading=\"lazy\" decoding=\"async\" class=\"wp-image-57235 aligncenter\" src=\"https:\/\/www.tk.etf.unsa.ba\/wp-content\/uploads\/2026\/03\/questing_map.png\" alt=\"\" width=\"658\" height=\"566\" srcset=\"https:\/\/www.tk.etf.unsa.ba\/wp-content\/uploads\/2026\/03\/questing_map.png 991w, https:\/\/www.tk.etf.unsa.ba\/wp-content\/uploads\/2026\/03\/questing_map-300x258.png 300w, https:\/\/www.tk.etf.unsa.ba\/wp-content\/uploads\/2026\/03\/questing_map-768x661.png 768w\" sizes=\"auto, (max-width: 658px) 100vw, 658px\" \/><\/p>\n<p>Vi\u0161e detalja dostupno je na <a href=\"https:\/\/cordis.europa.eu\/project\/id\/101227218\">https:\/\/cordis.europa.eu\/project\/id\/101227218<\/a> i <a href=\"https:\/\/questing-project.eu\/\">https:\/\/questing-project.eu\/<\/a><br \/>\n<\/p>","protected":false},"excerpt":{"rendered":"<p>OSNOVNI DETALJI Project ID: H2020-SU-ICT-2018-3 Web: https:\/\/www.openqkd.eu\/ Tip projekta: Internacionalni istra\u017eiva\u010dki projekat Voditelj projekta: Miralem Mehi\u0107 &nbsp; &nbsp; &nbsp; O PROJEKTU Doktorska mre\u017ea za dizajniranje, upravljanje i otklanjanje gre\u0161aka u kvantnim mre\u017eama (QUESTING) je revolucionarna evropska inicijativa za obuku koju podr\u017eavaju akcije Horizon Europe Marie Sk\u0142odowska-Curie. Na\u0161 cilj je eliminirati veliki nedostatak vje\u0161tina u podru\u010dju&#8230; <\/p>\n<div class=\"clear\"><\/div>\n<p><a href=\"https:\/\/www.tk.etf.unsa.ba\/bs\/projects-2\/mcsa-dn-questing\/\" class=\"excerpt-read-more\">Continue Reading<i class=\"fa fa-long-arrow-right icon-long-arrow-right\"><\/i><\/a><\/p>\n","protected":false},"author":1,"featured_media":0,"parent":56964,"menu_order":0,"comment_status":"closed","ping_status":"closed","template":"","meta":{"_acf_changed":false,"footnotes":""},"class_list":["post-57234","page","type-page","status-publish","hentry","page_category-projekti"],"acf":[],"_links":{"self":[{"href":"https:\/\/www.tk.etf.unsa.ba\/bs\/wp-json\/wp\/v2\/pages\/57234","targetHints":{"allow":["GET"]}}],"collection":[{"href":"https:\/\/www.tk.etf.unsa.ba\/bs\/wp-json\/wp\/v2\/pages"}],"about":[{"href":"https:\/\/www.tk.etf.unsa.ba\/bs\/wp-json\/wp\/v2\/types\/page"}],"author":[{"embeddable":true,"href":"https:\/\/www.tk.etf.unsa.ba\/bs\/wp-json\/wp\/v2\/users\/1"}],"replies":[{"embeddable":true,"href":"https:\/\/www.tk.etf.unsa.ba\/bs\/wp-json\/wp\/v2\/comments?post=57234"}],"version-history":[{"count":3,"href":"https:\/\/www.tk.etf.unsa.ba\/bs\/wp-json\/wp\/v2\/pages\/57234\/revisions"}],"predecessor-version":[{"id":57259,"href":"https:\/\/www.tk.etf.unsa.ba\/bs\/wp-json\/wp\/v2\/pages\/57234\/revisions\/57259"}],"up":[{"embeddable":true,"href":"https:\/\/www.tk.etf.unsa.ba\/bs\/wp-json\/wp\/v2\/pages\/56964"}],"wp:attachment":[{"href":"https:\/\/www.tk.etf.unsa.ba\/bs\/wp-json\/wp\/v2\/media?parent=57234"}],"curies":[{"name":"wp","href":"https:\/\/api.w.org\/{rel}","templated":true}]}}