{"id":56964,"date":"2024-03-12T17:49:48","date_gmt":"2024-03-12T16:49:48","guid":{"rendered":"https:\/\/www.tk.etf.unsa.ba\/?page_id=56964"},"modified":"2026-03-03T16:54:47","modified_gmt":"2026-03-03T15:54:47","slug":"projects-2","status":"publish","type":"page","link":"https:\/\/www.tk.etf.unsa.ba\/bs\/projects-2\/","title":{"rendered":"Projekti"},"content":{"rendered":"<p><\/p>\n<h4>Me\u0111unarodni projekti<\/h4>\n<ul>\n<li><a href=\"https:\/\/www.tk.etf.unsa.ba\/projects-2\/mcsa-dn-questing\/\">MCSA-DN 2026 &#8211; QUESTING<\/a><\/li>\n<li><a href=\"https:\/\/www.tk.etf.unsa.ba\/bs\/projects\/bosanski-nato-sps-g5894-quantum5\/\">NATO SPS G5894 &#8211; QUANTUM5<\/a><\/li>\n<li><a href=\"https:\/\/www.tk.etf.unsa.ba\/projects\/horizon-2020-openqkd\/\">Horizont 2020 &#8211; OPENQKD <\/a><\/li>\n<li><a href=\"https:\/\/www.tk.etf.unsa.ba\/projects\/erasmus-benefit\/\">Erasmus+ projekat BENEFIT (585716-EPP-1-2017-1-AT-EPPKA2-CBHE-JP)<\/a><\/li>\n<li>Modifikacija projekta, integracija i testiranje radio relejne mre\u017ee &#8220;Synchronous Digital Hierarchy (SDH)&#8221;, pru\u017eanje podr\u0161ke za Ministarstvo sigurnosti, CIPS i policijske agencije; EU Cards projekti<\/li>\n<li>Integracija i testiranje sistema za zakonito presretanje komunikacija Ministarstva sigurnosti Bosne i Hercegovine; EU Cards projekti<\/li>\n<li>Rje\u0161avanje &#8220;digitalne podjele&#8221; u jugoisto\u010dnoj Europi (SEE) kori\u0161tenjem kapaciteta DTT mre\u017ea; IPA projekat &#8211; Voditelj projekta: Univerzitet u Ljubljani<\/li>\n<li>Razvoj VoIP aplikacije za F68 platformu; Iskratel Slovenija<\/li>\n<li>Analiza OSS sistema i razvoj NetFlow i Syslog modula; NITES, \u010ce\u0161ka Republika<\/li>\n<li>Dizajn modula za pra\u0107enje performansi za elemente fiksne mre\u017ee (IMS, STP, itd.); NSN Finska<\/li>\n<li>\u0160irenje SON simulatora s Carrier Aggregation tehnikama; Centar za istra\u017eivanje telekomunikacija (CTVR), Dublin<\/li>\n<li>Termalno 3D modeliranje unutra\u0161njih okru\u017eenja za u\u0161tedu energije; FP7 projekat, SEE-ERA-NET, koordinator: Jacobs univerzitet Bremen, Njema\u010dka<\/li>\n<li>V-MusT.net &#8211; Transnacionalna mre\u017ea virtualnog muzeja; FP7 projekat, FP7-ICT-2009-6, koordinator, Consiglio nazionale delle ricerche, Italija<\/li>\n<li>Ja\u010danje suradnje zemalja EU-a i zemalja zapadnog Balkana u podru\u010dju pra\u0107enja i kontrole; FP7 projekat, FP7-ICT-2011-7, koordinator: Q-PLAN N.G. Gr\u010dka<\/li>\n<li>Razvoj infrastrukture infrastrukture za Jugoisto\u010dnu Evropu: SEEGRID; Projekti FP6, GRNET, Gr\u010dka &#8211; koordinator projekta<\/li>\n<li>\u0160irenje europske istra\u017eiva\u010dke mre\u017ee u jugoisto\u010dnoj Europi pru\u017eanjem GEANT povezivosti s ne-GEANT zemljama; FP6 projekti, Program EU za informaciono dru\u0161tvo (IST) (IST-2001-38830) &#8211; GRNET, Gr\u010dka<\/li>\n<li>IT standardi kvalifikacije za podru\u010dje visokog obrazovanja u BiH; Tempus projekti, TEMPUS-JEP-ITQS, koordinator: Univerzitet Paderborn, Njema\u010dka<\/li>\n<li>Osiguravanje kvalitete u obrazovanju putem akreditacije; Tempus projekti, TEMPUSUM-JEP-19015, koordinator: Univerzitet Paderborn, Njema\u010dka<\/li>\n<li>Uvo\u0111enje ECTS-a na univerzitete u BiH; Tempus projekti, TEMPUS JEP-18041-2003, koordinator: Philipps-universitat Marburg, Njema\u010dka<\/li>\n<li>Entwicklung von Lehrplanen und Veranstaltungen fur das Informatikstudium; Tempus projekti, TEMPUS JEP-16110-2001, koordinator: Univerzitet Paderborn Njema\u010dka<\/li>\n<li>Ra\u010dunarski podr\u017eano pou\u010davanje u sistemu elektri\u010dne energije; Tempus projekti, Tempus JEP-12368-1997, koordinator: Institut politecnico de Coimbra, Portugal<\/li>\n<\/ul>\n<h4>Nacionalni projekti<\/h4>\n<ul>\n<li><a href=\"https:\/\/www.tk.etf.unsa.ba\/bs\/monks-mmehic-2023-bs\/\">MONKS 2023 &#8211; Upravljanje distribuiranim kvantnim kriptografskim mre\u017eama<\/a><\/li>\n<li><a href=\"https:\/\/www.tk.etf.unsa.ba\/monks-mmehic-2022-monks-bs\">MONKS 2022 &#8211; Razvijanje laboratorije za kvantnu kriptografiju &#8211; Emulacija i upravljanje kvantnih kriptografskih mre\u017ea<\/a><\/li>\n<li><a href=\"https:\/\/www.tk.etf.unsa.ba\/project-mmehic-2021-monks-bs\">MONKS 2021 &#8211; Formiranje laboratorije kvantne kriptografije i razvoj kvantnog kriptografskog simulatora sa osvrtom na softverski definirane mre\u017ee<\/a><\/li>\n<li><a class=\"breadcrumb_last\" href=\"https:\/\/www.tk.etf.unsa.ba\/projects\/project-fmon-2018-sdn-flexibility\/\" aria-current=\"page\">Pobolj\u0161anje fleksibilnosti podatkovne ravni u softverski definisanim mre\u017eama primjenom paradigme duboke mre\u017ene programabilnosti; Federalno ministarstvo obrazovanja i nauke; 2018<\/a><\/li>\n<li>Aspekti primjene, prometa i QoS-a u razvoju akademske mre\u017ee Univerziteta u Sarajevu kori\u0161tenjem GRID mre\u017ene platforme; Ministarstvo obrazovanja i nauke Federacije Bosne i Hercegovin<\/li>\n<li>Razvoj laboratorija za unaprijed konfigurirane radiokomunikacijske sisteme; Ministarstvo obrazovanja i nauke Federacije Bosne i Hercegovin<\/li>\n<li>Modernizacija nacionalnih resursa: upravljanje radiofrekvencijskim spektrom za be\u017ei\u010dne mre\u017ee nove generacije (Long Term Evolution (LTE) i Kognitivni radio (CR)); Ministarstvo obrazovanja i nauke Federacije Bosne i Hercegovine<\/li>\n<li>Razvoj laboratorija za be\u017ei\u010dne komunikacije na Elektrotehni\u010dkom fakultetu u Sarajevu; Ministarstvo obrazovanja i nauke Federacije Bosne i Hercegovine<\/li>\n<li>Razvoj ra\u010dunskih metoda mjerenja za odre\u0111ivanje elektri\u010dnih i magnetskih polja s industrijskim frekvencijama; Ministarstvo obrazovanja i nauke, Kanton Sarajevo<\/li>\n<li>Razvoj civilnog registra sa aplikacijama: li\u010dne karte, voza\u010dke dozvole, registracije vozila, standardno policijsko izvje\u0161tavanje, spre\u010davanje pranja novca itd; Ministarstvo civilnih poslova i komunikacija BiH &#8211; Direkcija za CIPS<\/li>\n<li>Projekt Fe-Uprava projekta osnovne e:Vlada infrastrukture sa modulima: Portal, Interoperabilnost, PKI; Ministarstvo saobra\u0107aja i komunikacija FBiH<\/li>\n<li>Projekat, integracija i testiranje sistema za zakonito presretanje komunikacija Ministarstva sigurnosti Bosne i Hercegovine; Ministarstvo sigurnosti Bosne i Hercegovine<\/li>\n<li>Studija izvodljivosti za QoS za mre\u017eu ra\u010dunarstva javnog poduze\u0107a Elektroprivreda BiH; Javno komunalno preduze\u0107e &#8220;JP Elektroprivreda BiH&#8221;, Sarajevo<\/li>\n<li>Uticaj karakteristika stabilnosti u procesu odabira i upotrebe opti\u010dkih vlakana u elektrodistributivnim preduze\u0107ima; Javno komunalno preduze\u0107e &#8220;JP Elektroprivreda BiH&#8221;, Sarajevo<\/li>\n<li>Optimalna selekcija i upotreba opti\u010dkih vlakana u elektroprivredi, usmjerena na javno poduze\u0107e Elektroprivreda BiH i H; Javno komunalno preduze\u0107e &#8220;JP Elektroprivreda BiH&#8221;, Sarajevo<\/li>\n<li>Ostvarivanje kvaliteta usluge (QoS) u IP mre\u017ei poslovnih distribucijskih objekata JP Elektroprivreda BiH; Javno komunalno preduze\u0107e &#8220;JP Elektroprivreda BiH&#8221;, Sarajevo<\/li>\n<li>Kori\u0161tenje \u0161irokopojasne elektroenergetske komunikacije usmjerene na javno poduze\u0107e Elektroprivreda BiH; Javno komunalno preduze\u0107e &#8220;JP Elektroprivreda BiH&#8221;, Sarajevo<\/li>\n<li>Primijenjeno istra\u017eivanje u podru\u010dju dizajna stani\u010dnih sistema; BH Telecom d.d., Sarajevo<\/li>\n<li>Primijenjena istra\u017eivanja metoda za projektiranje stani\u010dnih sistema; BH Telecom d.d., Sarajevo<\/li>\n<li>Izbor optimalnih modela i mehanizama za implementaciju QoS-a u BH Telecom transport i IP \/ MPLS mre\u017eu; BH Telecom d.d., Sarajevo<\/li>\n<li>Konsultantske usluge za realizaciju studije za implementaciju 3G mobilnih mre\u017ea u BH Telecomu uklju\u010duju\u0107i viziju razvoja 4G mobilne mre\u017ee; BH Telecom d.d., Sarajevo<\/li>\n<li>Doprinos modeliranju mobilne mre\u017ee u cilju pobolj\u0161anja i pove\u0107anja efikasnosti postoje\u0107ih usluga i pru\u017eanja novih usluga; BH Telecom d.d., Sarajevo<\/li>\n<li>Exuse Importe WiMAX u javnoj komutiranoj telefonskoj mre\u017ei; BH Telecom d.d., Sarajevo<\/li>\n<li>Studija izvodljivosti za pru\u017eanje VPN i VAS usluga putem GPRS i GSM sistema; BH Telecom d.d., Sarajevo<\/li>\n<li>Studija izvodljivosti u pru\u017eanju VPN i VAS usluga u mobilnoj mre\u017ei BH Telecom putem GPRS i GSM sistema; BH Telecom d.d., Sarajevo<\/li>\n<li>Opravdanost implementacije WiMAX-a u javnoj komutiranoj telefonskoj mre\u017ei; BH Telecom d.d., Sarajevo<\/li>\n<li>Razvoj prototipnih aplikacija BH Telecomova servisna mre\u017ea (Fleet Management, POS-mobile micropayment); BH Telecom d.d., Sarajevo<\/li>\n<li>Tehnolo\u0161ka i arhitektonska rje\u0161enja za centralni sistem daljinskog upravljanja i nadzora na autoputu Koridora Vc; JP Autoceste FBiH doo, Mostar<\/li>\n<li>Dizajn i razvoj inteligentne be\u017ei\u010dne mre\u017ee senzora i softvera za web bazirani SCADA \/ HMI sistem za nadzor i upravljanje sistemom testnog le\u017eaja za tornjeve visokonaponskih nadzemnih vodova; Energoinvest Company, Sarajevo<\/li>\n<\/ul>\n<p><\/p>\n<h4>Me\u0111unarodni projekti<\/h4>\n<ul>\n<li>Zavr\u0161eni projekti:\n<ul>\n<li><a href=\"https:\/\/www.tk.etf.unsa.ba\/bs\/projects\/bosanski-nato-sps-g5894-quantum5\/\">NATO SPS G5894 &#8211; QUANTUM5<\/a><\/li>\n<li><a href=\"https:\/\/www.tk.etf.unsa.ba\/projects\/horizon-2020-openqkd\/\">Horizont 2020 &#8211; OPENQKD <\/a><\/li>\n<li><a href=\"https:\/\/www.tk.etf.unsa.ba\/projects\/erasmus-benefit\/\">Erasmus+ projekat BENEFIT (585716-EPP-1-2017-1-AT-EPPKA2-CBHE-JP)<\/a><\/li>\n<li>Modifikacija projekta, integracija i testiranje radio relejne mre\u017ee &#8220;Synchronous Digital Hierarchy (SDH)&#8221;, pru\u017eanje podr\u0161ke za Ministarstvo sigurnosti, CIPS i policijske agencije; EU Cards projekti<\/li>\n<li>Integracija i testiranje sistema za zakonito presretanje komunikacija Ministarstva sigurnosti Bosne i Hercegovine; EU Cards projekti<\/li>\n<li>Rje\u0161avanje &#8220;digitalne podjele&#8221; u jugoisto\u010dnoj Europi (SEE) kori\u0161tenjem kapaciteta DTT mre\u017ea; IPA projekat &#8211; Voditelj projekta: Univerzitet u Ljubljani<\/li>\n<li>Razvoj VoIP aplikacije za F68 platformu; Iskratel Slovenija<\/li>\n<li>Analiza OSS sistema i razvoj NetFlow i Syslog modula; NITES, \u010ce\u0161ka Republika<\/li>\n<li>Dizajn modula za pra\u0107enje performansi za elemente fiksne mre\u017ee (IMS, STP, itd.); NSN Finska<\/li>\n<li>\u0160irenje SON simulatora s Carrier Aggregation tehnikama; Centar za istra\u017eivanje telekomunikacija (CTVR), Dublin<\/li>\n<li>Termalno 3D modeliranje unutra\u0161njih okru\u017eenja za u\u0161tedu energije; FP7 projekat, SEE-ERA-NET, koordinator: Jacobs univerzitet Bremen, Njema\u010dka<\/li>\n<li>V-MusT.net &#8211; Transnacionalna mre\u017ea virtualnog muzeja; FP7 projekat, FP7-ICT-2009-6, koordinator, Consiglio nazionale delle ricerche, Italija<\/li>\n<li>Ja\u010danje suradnje zemalja EU-a i zemalja zapadnog Balkana u podru\u010dju pra\u0107enja i kontrole; FP7 projekat, FP7-ICT-2011-7, koordinator: Q-PLAN N.G. Gr\u010dka<\/li>\n<li>Razvoj infrastrukture infrastrukture za Jugoisto\u010dnu Evropu: SEEGRID; Projekti FP6, GRNET, Gr\u010dka &#8211; koordinator projekta<\/li>\n<li>\u0160irenje europske istra\u017eiva\u010dke mre\u017ee u jugoisto\u010dnoj Europi pru\u017eanjem GEANT povezivosti s ne-GEANT zemljama; FP6 projekti, Program EU za informaciono dru\u0161tvo (IST) (IST-2001-38830) &#8211; GRNET, Gr\u010dka<\/li>\n<li>IT standardi kvalifikacije za podru\u010dje visokog obrazovanja u BiH; Tempus projekti, TEMPUS-JEP-ITQS, koordinator: Univerzitet Paderborn, Njema\u010dka<\/li>\n<li>Osiguravanje kvalitete u obrazovanju putem akreditacije; Tempus projekti, TEMPUSUM-JEP-19015, koordinator: Univerzitet Paderborn, Njema\u010dka<\/li>\n<li>Uvo\u0111enje ECTS-a na univerzitete u BiH; Tempus projekti, TEMPUS JEP-18041-2003, koordinator: Philipps-universitat Marburg, Njema\u010dka<\/li>\n<li>Entwicklung von Lehrplanen und Veranstaltungen fur das Informatikstudium; Tempus projekti, TEMPUS JEP-16110-2001, koordinator: Univerzitet Paderborn Njema\u010dka<\/li>\n<li>Ra\u010dunarski podr\u017eano pou\u010davanje u sistemu elektri\u010dne energije; Tempus projekti, Tempus JEP-12368-1997, koordinator: Institut politecnico de Coimbra, Portugal<\/li>\n<\/ul>\n<\/li>\n<\/ul>\n<h4>Nacionalni projekti<\/h4>\n<ul>\n<li style=\"list-style-type: none;\">\n<ul>\n<li>Zavr\u0161eni projekti:\n<ul>\n<li><a href=\"https:\/\/www.tk.etf.unsa.ba\/bs\/monks-mmehic-2023-bs\/\">MONKS 2023 &#8211; Upravljanje distribuiranim kvantnim kriptografskim mre\u017eama<\/a><\/li>\n<li><a href=\"https:\/\/www.tk.etf.unsa.ba\/monks-mmehic-2022-monks-bs\">MONKS 2022 &#8211; Razvijanje laboratorije za kvantnu kriptografiju &#8211; Emulacija i upravljanje kvantnih kriptografskih mre\u017ea<\/a><\/li>\n<li><a href=\"https:\/\/www.tk.etf.unsa.ba\/project-mmehic-2021-monks-bs\">MONKS 2021 &#8211; Formiranje laboratorije kvantne kriptografije i razvoj kvantnog kriptografskog simulatora sa osvrtom na softverski definirane mre\u017ee<\/a><\/li>\n<li><a class=\"breadcrumb_last\" href=\"https:\/\/www.tk.etf.unsa.ba\/projects\/project-fmon-2018-sdn-flexibility\/\" aria-current=\"page\">Pobolj\u0161anje fleksibilnosti podatkovne ravni u softverski definisanim mre\u017eama primjenom paradigme duboke mre\u017ene programabilnosti; Federalno ministarstvo obrazovanja i nauke; 2018<\/a><\/li>\n<li>Aspekti primjene, prometa i QoS-a u razvoju akademske mre\u017ee Univerziteta u Sarajevu kori\u0161tenjem GRID mre\u017ene platforme; Ministarstvo obrazovanja i nauke Federacije Bosne i Hercegovin<\/li>\n<li>Razvoj laboratorija za unaprijed konfigurirane radiokomunikacijske sisteme; Ministarstvo obrazovanja i nauke Federacije Bosne i Hercegovin<\/li>\n<li>Modernizacija nacionalnih resursa: upravljanje radiofrekvencijskim spektrom za be\u017ei\u010dne mre\u017ee nove generacije (Long Term Evolution (LTE) i Kognitivni radio (CR)); Ministarstvo obrazovanja i nauke Federacije Bosne i Hercegovine<\/li>\n<li>Razvoj laboratorija za be\u017ei\u010dne komunikacije na Elektrotehni\u010dkom fakultetu u Sarajevu; Ministarstvo obrazovanja i nauke Federacije Bosne i Hercegovine<\/li>\n<li>Razvoj ra\u010dunskih metoda mjerenja za odre\u0111ivanje elektri\u010dnih i magnetskih polja s industrijskim frekvencijama; Ministarstvo obrazovanja i nauke, Kanton Sarajevo<\/li>\n<li>Razvoj civilnog registra sa aplikacijama: li\u010dne karte, voza\u010dke dozvole, registracije vozila, standardno policijsko izvje\u0161tavanje, spre\u010davanje pranja novca itd; Ministarstvo civilnih poslova i komunikacija BiH &#8211; Direkcija za CIPS<\/li>\n<li>Projekt Fe-Uprava projekta osnovne e:Vlada infrastrukture sa modulima: Portal, Interoperabilnost, PKI; Ministarstvo saobra\u0107aja i komunikacija FBiH<\/li>\n<li>Projekat, integracija i testiranje sistema za zakonito presretanje komunikacija Ministarstva sigurnosti Bosne i Hercegovine; Ministarstvo sigurnosti Bosne i Hercegovine<\/li>\n<li>Studija izvodljivosti za QoS za mre\u017eu ra\u010dunarstva javnog poduze\u0107a Elektroprivreda BiH; Javno komunalno preduze\u0107e &#8220;JP Elektroprivreda BiH&#8221;, Sarajevo<\/li>\n<li>Uticaj karakteristika stabilnosti u procesu odabira i upotrebe opti\u010dkih vlakana u elektrodistributivnim preduze\u0107ima; Javno komunalno preduze\u0107e &#8220;JP Elektroprivreda BiH&#8221;, Sarajevo<\/li>\n<li>Optimalna selekcija i upotreba opti\u010dkih vlakana u elektroprivredi, usmjerena na javno poduze\u0107e Elektroprivreda BiH i H; Javno komunalno preduze\u0107e &#8220;JP Elektroprivreda BiH&#8221;, Sarajevo<\/li>\n<li>Ostvarivanje kvaliteta usluge (QoS) u IP mre\u017ei poslovnih distribucijskih objekata JP Elektroprivreda BiH; Javno komunalno preduze\u0107e &#8220;JP Elektroprivreda BiH&#8221;, Sarajevo<\/li>\n<li>Kori\u0161tenje \u0161irokopojasne elektroenergetske komunikacije usmjerene na javno poduze\u0107e Elektroprivreda BiH; Javno komunalno preduze\u0107e &#8220;JP Elektroprivreda BiH&#8221;, Sarajevo<\/li>\n<li>Primijenjeno istra\u017eivanje u podru\u010dju dizajna stani\u010dnih sistema; BH Telecom d.d., Sarajevo<\/li>\n<li>Primijenjena istra\u017eivanja metoda za projektiranje stani\u010dnih sistema; BH Telecom d.d., Sarajevo<\/li>\n<li>Izbor optimalnih modela i mehanizama za implementaciju QoS-a u BH Telecom transport i IP \/ MPLS mre\u017eu; BH Telecom d.d., Sarajevo<\/li>\n<li>Konsultantske usluge za realizaciju studije za implementaciju 3G mobilnih mre\u017ea u BH Telecomu uklju\u010duju\u0107i viziju razvoja 4G mobilne mre\u017ee; BH Telecom d.d., Sarajevo<\/li>\n<li>Doprinos modeliranju mobilne mre\u017ee u cilju pobolj\u0161anja i pove\u0107anja efikasnosti postoje\u0107ih usluga i pru\u017eanja novih usluga; BH Telecom d.d., Sarajevo<\/li>\n<li>Exuse Importe WiMAX u javnoj komutiranoj telefonskoj mre\u017ei; BH Telecom d.d., Sarajevo<\/li>\n<li>Studija izvodljivosti za pru\u017eanje VPN i VAS usluga putem GPRS i GSM sistema; BH Telecom d.d., Sarajevo<\/li>\n<li>Studija izvodljivosti u pru\u017eanju VPN i VAS usluga u mobilnoj mre\u017ei BH Telecom putem GPRS i GSM sistema; BH Telecom d.d., Sarajevo<\/li>\n<li>Opravdanost implementacije WiMAX-a u javnoj komutiranoj telefonskoj mre\u017ei; BH Telecom d.d., Sarajevo<\/li>\n<li>Razvoj prototipnih aplikacija BH Telecomova servisna mre\u017ea (Fleet Management, POS-mobile micropayment); BH Telecom d.d., Sarajevo<\/li>\n<li>Tehnolo\u0161ka i arhitektonska rje\u0161enja za centralni sistem daljinskog upravljanja i nadzora na autoputu Koridora Vc; JP Autoceste FBiH doo, Mostar<\/li>\n<li>Dizajn i razvoj inteligentne be\u017ei\u010dne mre\u017ee senzora i softvera za web bazirani SCADA \/ HMI sistem za nadzor i upravljanje sistemom testnog le\u017eaja za tornjeve visokonaponskih nadzemnih vodova; Energoinvest Company, Sarajevo<\/li>\n<\/ul>\n<\/li>\n<\/ul>\n<\/li>\n<\/ul>\n<p><\/p>","protected":false},"excerpt":{"rendered":"<p>Me\u0111unarodni projekti MCSA-DN 2026 &#8211; QUESTING NATO SPS G5894 &#8211; QUANTUM5 Horizont 2020 &#8211; OPENQKD Erasmus+ projekat BENEFIT (585716-EPP-1-2017-1-AT-EPPKA2-CBHE-JP) Modifikacija projekta, integracija i testiranje radio relejne mre\u017ee &#8220;Synchronous Digital Hierarchy (SDH)&#8221;, pru\u017eanje podr\u0161ke za Ministarstvo sigurnosti, CIPS i policijske agencije; EU Cards projekti Integracija i testiranje sistema za zakonito presretanje komunikacija Ministarstva sigurnosti Bosne i&#8230; <\/p>\n<div class=\"clear\"><\/div>\n<p><a href=\"https:\/\/www.tk.etf.unsa.ba\/bs\/projects-2\/\" class=\"excerpt-read-more\">Continue Reading<i class=\"fa fa-long-arrow-right icon-long-arrow-right\"><\/i><\/a><\/p>\n","protected":false},"author":2,"featured_media":712,"parent":0,"menu_order":70,"comment_status":"closed","ping_status":"closed","template":"","meta":{"_acf_changed":false,"footnotes":""},"class_list":["post-56964","page","type-page","status-publish","has-post-thumbnail","hentry"],"acf":[],"_links":{"self":[{"href":"https:\/\/www.tk.etf.unsa.ba\/bs\/wp-json\/wp\/v2\/pages\/56964","targetHints":{"allow":["GET"]}}],"collection":[{"href":"https:\/\/www.tk.etf.unsa.ba\/bs\/wp-json\/wp\/v2\/pages"}],"about":[{"href":"https:\/\/www.tk.etf.unsa.ba\/bs\/wp-json\/wp\/v2\/types\/page"}],"author":[{"embeddable":true,"href":"https:\/\/www.tk.etf.unsa.ba\/bs\/wp-json\/wp\/v2\/users\/2"}],"replies":[{"embeddable":true,"href":"https:\/\/www.tk.etf.unsa.ba\/bs\/wp-json\/wp\/v2\/comments?post=56964"}],"version-history":[{"count":8,"href":"https:\/\/www.tk.etf.unsa.ba\/bs\/wp-json\/wp\/v2\/pages\/56964\/revisions"}],"predecessor-version":[{"id":57248,"href":"https:\/\/www.tk.etf.unsa.ba\/bs\/wp-json\/wp\/v2\/pages\/56964\/revisions\/57248"}],"wp:featuredmedia":[{"embeddable":true,"href":"https:\/\/www.tk.etf.unsa.ba\/bs\/wp-json\/wp\/v2\/media\/712"}],"wp:attachment":[{"href":"https:\/\/www.tk.etf.unsa.ba\/bs\/wp-json\/wp\/v2\/media?parent=56964"}],"curies":[{"name":"wp","href":"https:\/\/api.w.org\/{rel}","templated":true}]}}