{"id":3738,"date":"2021-02-23T08:00:13","date_gmt":"2021-02-23T07:00:13","guid":{"rendered":"https:\/\/www.tk.etf.unsa.ba\/?page_id=3738"},"modified":"2021-02-26T10:15:39","modified_gmt":"2021-02-26T09:15:39","slug":"nato-sps-g5894-quantum5","status":"publish","type":"page","link":"https:\/\/www.tk.etf.unsa.ba\/bs\/nato-sps-g5894-quantum5\/","title":{"rendered":"NATO SPS G5894 &#8211; QUANTUM5"},"content":{"rendered":"<p><\/p>\n<h3>Kratki info<\/h3>\n<ul>\n<li><strong>Project ID:\u00a0<\/strong>NATO SPS G5894<\/li>\n<li><strong>Web: <\/strong><a href=\"https:\/\/www.quantum5.eu\/\">www.quantum5.eu<\/a><\/li>\n<li><strong>Tip:<\/strong> Internacionalni istra\u017eiva\u010dki projekat<\/li>\n<li><strong>Projektni voditelj:<\/strong>\u00a0 <span style=\"font-family: arial, helvetica, sans-serif;\"><a href=\"https:\/\/www.tk.etf.unsa.ba\/people\/miralem-mehic\/\">Miralem Mehic<\/a><\/span><\/li>\n<li><strong>Bud\u017eet:<\/strong> 257.000 EUR<\/li>\n<\/ul>\n<p><a href=\"https:\/\/www.nato.int\/science\/index.html\"><img loading=\"lazy\" decoding=\"async\" class=\"aligncenter size-large wp-image-3730\" src=\"https:\/\/www.tk.etf.unsa.ba\/wp-content\/uploads\/2021\/02\/4_SPrg-EN-Hor-1024x147.jpg\" alt=\"NATO SPS\" width=\"960\" height=\"138\" srcset=\"https:\/\/www.tk.etf.unsa.ba\/wp-content\/uploads\/2021\/02\/4_SPrg-EN-Hor-1024x147.jpg 1024w, https:\/\/www.tk.etf.unsa.ba\/wp-content\/uploads\/2021\/02\/4_SPrg-EN-Hor-300x43.jpg 300w, https:\/\/www.tk.etf.unsa.ba\/wp-content\/uploads\/2021\/02\/4_SPrg-EN-Hor-768x111.jpg 768w, https:\/\/www.tk.etf.unsa.ba\/wp-content\/uploads\/2021\/02\/4_SPrg-EN-Hor-1536x221.jpg 1536w, https:\/\/www.tk.etf.unsa.ba\/wp-content\/uploads\/2021\/02\/4_SPrg-EN-Hor.jpg 1945w\" sizes=\"auto, (max-width: 960px) 100vw, 960px\" \/><\/a><\/p>\n<hr \/>\n<h3>Osnovni detalji<\/h3>\n<p class=\"western\"><span lang=\"zxx\"><u><a href=\"https:\/\/cordis.europa.eu\/project\/rcn\/224682\/factsheet\/fr\"><img loading=\"lazy\" decoding=\"async\" class=\"alignleft wp-image-3735 size-medium\" src=\"https:\/\/www.tk.etf.unsa.ba\/wp-content\/uploads\/2021\/02\/QUANTUM5_logo_white-1-300x147.png\" alt=\"\" width=\"300\" height=\"147\" srcset=\"https:\/\/www.tk.etf.unsa.ba\/wp-content\/uploads\/2021\/02\/QUANTUM5_logo_white-1-300x147.png 300w, https:\/\/www.tk.etf.unsa.ba\/wp-content\/uploads\/2021\/02\/QUANTUM5_logo_white-1-1024x503.png 1024w, https:\/\/www.tk.etf.unsa.ba\/wp-content\/uploads\/2021\/02\/QUANTUM5_logo_white-1-768x377.png 768w, https:\/\/www.tk.etf.unsa.ba\/wp-content\/uploads\/2021\/02\/QUANTUM5_logo_white-1.png 1535w\" sizes=\"auto, (max-width: 300px) 100vw, 300px\" \/><\/a><\/u><\/span>Projekat QUANTUM5 je motivisan potrebom za prakti\u010dnom demonstracijom primjene kvantne distribucije klju\u010deva (QKD) u mre\u017eama pete generacije (5G), pru\u017eaju\u0107i sofisticirane alate za simulaciju i prakti\u010dne smjernice za daljnju konvergenciju kvantne tehnologije. U okviru postoje\u0107e 5G mre\u017ee instalirane u kampusu V\u0160B \u2013 Tehni\u010dkog univerziteta u Ostravi, QUANTUM5 \u0107e integrisati QKD kvantne sisteme te analizirati napredne mehanizme mre\u017enog upravljanja kao \u0161to su mre\u017ena virtuelizacija funkcija (NFV) i softverski definisano umre\u017eavanje (SDN). Cilj je ispitati adaptivne na\u010dine organizacije mre\u017ee i upravljanja mre\u017eom kroz osiguranje visokog stepena kvalitete mre\u017ene usluge te kontinuirano pru\u017eanje informacijsko-teorijskih nivoa sigurnosti koje pru\u017ea kvantna tehnologija.<\/p>\n<p>Pored pove\u0107anja komunikacijskih performansi i mre\u017enih kapaciteta koje nude moderne 5G mre\u017ee, pitanja cyber sigurnosti i privatnosti korisnika je od vitalne va\u017enosti. Neki od primjera budu\u0107ih mre\u017ea su sistemi za autonomno umre\u017eavanje automobila, daljinskih medicinskih operacija, daljinskog nadzora stanja pacijenata, kontrole autopilota vozila, daljinskog upravljanje vozovima, pametnih mre\u017ea ku\u0107nih instalacija kao i \u017eivotno kriti\u010dnih situacija koje prvenstveno ovise o kriptografskim tehnikama za realizaciju sigurne komunikacije sa kraja na kraj mre\u017ee. Vizija 5G tehnologije se zasniva na pru\u017eanju visokih podatkovnih kapaciteta sa minimalnom latencijom, zna\u010dajnim pove\u0107anjem mre\u017enih kapaciteta, broja baznih stanica za heterogeni pristup krajnjih mre\u017enih ure\u0111aja te pobolj\u0161anje sveukupnog kvaliteta usluge budu\u0107ih 5G mre\u017enih aplikacija.<\/p>\n<p>Kvantna distribucija kriptografskih klju\u010deva (QKD), koja se temelji na zakonima fizike, a ne na ra\u010dunskoj slo\u017eenosti matemati\u010dkih problema, pru\u017ea informacijski teoretski siguran (ITS) na\u010din uspostavljanja simetri\u010dnih binarnih klju\u010deva izme\u0111u geografski udaljenih korisnika. Klju\u010devi su za\u0161ti\u0107eni od prislu\u0161kivanja prilikom prenosa, a QKD osigurava da se znanje bilo kojeg tre\u0107eg lica o klju\u010du svede na minimum \u0161to osigurava kvantno otpornu enkripciju. Dodatno, evdientan napredak u razvoju kvantne opreme se prakti\u010dno odra\u017eavao kroz niz uspje\u0161nih demonstracija QKD tehnologije. Iako pokazuju velika postignu\u0107a ove tehnologije, mnoge prakti\u010dne pote\u0161ko\u0107e jo\u0161 uvijek trebaju biti rije\u0161ene, posebno sa stajali\u0161ta upravljanja i mre\u017enom organizacijom.<\/p>\n<h3 class=\"western\"><span style=\"font-family: arial, helvetica, sans-serif;\"><b>Univerzitet u Sarajevu<br \/>\n<\/b><\/span><\/h3>\n<p><img loading=\"lazy\" decoding=\"async\" class=\"wp-image-3610 alignleft\" src=\"https:\/\/www.tk.etf.unsa.ba\/wp-content\/uploads\/2020\/09\/DRDR9017-1024x647.jpg\" alt=\"\" width=\"400\" height=\"252\" srcset=\"https:\/\/www.tk.etf.unsa.ba\/wp-content\/uploads\/2020\/09\/DRDR9017-1024x647.jpg 1024w, https:\/\/www.tk.etf.unsa.ba\/wp-content\/uploads\/2020\/09\/DRDR9017-300x189.jpg 300w, https:\/\/www.tk.etf.unsa.ba\/wp-content\/uploads\/2020\/09\/DRDR9017-768x485.jpg 768w, https:\/\/www.tk.etf.unsa.ba\/wp-content\/uploads\/2020\/09\/DRDR9017-1536x970.jpg 1536w, https:\/\/www.tk.etf.unsa.ba\/wp-content\/uploads\/2020\/09\/DRDR9017-2048x1294.jpg 2048w\" sizes=\"auto, (max-width: 400px) 100vw, 400px\" \/><\/p>\n<p>\u0160ef Odsjeka za telekomunikacije, doc.dr Miralem Mehi\u0107, dipl.ing.el naglasio je da je ovo prvi istra\u017eiva\u010dki projekat u oblasti 5G i kvantne kriptografije u Bosni i Hercegovini. Radi se o projektu od velike va\u017enosti koji omogu\u0107ava modernizaciju 5G laboratorije Odsjeka za telekomunikacije, sticanje prakti\u010dnih znanja i nau\u010dnih iskustava iz naprednih telekomunikacijskih tehnika. Dodatno, projekt pru\u017ea prilike i mladim istra\u017eiva\u010dima da u\u010destvuju u savremenijim me\u0111unarodnim istra\u017eiva\u010dkim aktivnostima. QUANTUM5 \u0107e obuhvatiti predavanja i radionice s ciljem preno\u0161enja znanja o kvantnoj i 5G tehnologiji u Bosni i Hercegovini.<\/p>\n<p>&nbsp;<\/p>\n<p>&nbsp;<\/p>\n<h3 align=\"justify\"><span style=\"font-family: arial, helvetica, sans-serif;\">Projektni \u010dlanovi<\/span><\/h3>\n<p>&nbsp;<\/p>\n<p><img loading=\"lazy\" decoding=\"async\" class=\"alignleft wp-image-3750\" src=\"https:\/\/www.tk.etf.unsa.ba\/wp-content\/uploads\/2021\/02\/vsb-300x110.png\" alt=\"\" width=\"245\" height=\"90\" srcset=\"https:\/\/www.tk.etf.unsa.ba\/wp-content\/uploads\/2021\/02\/vsb-300x110.png 300w, https:\/\/www.tk.etf.unsa.ba\/wp-content\/uploads\/2021\/02\/vsb-1024x376.png 1024w, https:\/\/www.tk.etf.unsa.ba\/wp-content\/uploads\/2021\/02\/vsb-768x282.png 768w, https:\/\/www.tk.etf.unsa.ba\/wp-content\/uploads\/2021\/02\/vsb.png 1260w\" sizes=\"auto, (max-width: 245px) 100vw, 245px\" \/><\/p>\n<p>V\u0160B Tehni\u010dki univerzitet u Ostravi<br \/>\n\u010ce\u0161ka Republika<\/p>\n<h3 align=\"justify\"><\/h3>\n<p>&nbsp;<\/p>\n<p>&nbsp;<\/p>\n<h3 align=\"justify\"><img loading=\"lazy\" decoding=\"async\" class=\"size-full wp-image-61 alignleft\" src=\"https:\/\/www.tk.etf.unsa.ba\/wp-content\/uploads\/2018\/01\/unsa_80.png\" alt=\"University of Sarajevo\" width=\"80\" height=\"80\" \/><\/h3>\n<h3 style=\"text-align: left;\" align=\"justify\"><img loading=\"lazy\" decoding=\"async\" class=\"size-full wp-image-60 alignleft\" src=\"https:\/\/www.tk.etf.unsa.ba\/wp-content\/uploads\/2018\/01\/etf_logo_80.png\" alt=\"\" width=\"80\" height=\"80\" \/><\/h3>\n<p><img loading=\"lazy\" decoding=\"async\" class=\"wp-image-57 size-medium alignleft\" src=\"https:\/\/www.tk.etf.unsa.ba\/wp-content\/uploads\/2018\/01\/DOTFEESA_blue_320-1-300x75.png\" alt=\"Department of Telecommunications ETF UNSA\" width=\"300\" height=\"75\" srcset=\"https:\/\/www.tk.etf.unsa.ba\/wp-content\/uploads\/2018\/01\/DOTFEESA_blue_320-1-300x75.png 300w, https:\/\/www.tk.etf.unsa.ba\/wp-content\/uploads\/2018\/01\/DOTFEESA_blue_320-1.png 320w\" sizes=\"auto, (max-width: 300px) 100vw, 300px\" \/><\/p>\n<p>Univerzitet u Sarajevu<br \/>\nElektrotehni\u010dki fakultet<br \/>\nOdsjek za telekomunikacije<br \/>\nBosna i Hercegovina<\/p>\n<p>&nbsp;<\/p>\n<h3 align=\"justify\">Krajnji korisnik rezultata projekta<\/h3>\n<p><img loading=\"lazy\" decoding=\"async\" class=\"wp-image-3746 alignleft\" src=\"https:\/\/www.tk.etf.unsa.ba\/wp-content\/uploads\/2021\/02\/msb-896x1024.png\" alt=\"\" width=\"131\" height=\"150\" srcset=\"https:\/\/www.tk.etf.unsa.ba\/wp-content\/uploads\/2021\/02\/msb-896x1024.png 896w, https:\/\/www.tk.etf.unsa.ba\/wp-content\/uploads\/2021\/02\/msb-263x300.png 263w, https:\/\/www.tk.etf.unsa.ba\/wp-content\/uploads\/2021\/02\/msb-768x877.png 768w, https:\/\/www.tk.etf.unsa.ba\/wp-content\/uploads\/2021\/02\/msb.png 1200w\" sizes=\"auto, (max-width: 131px) 100vw, 131px\" \/><\/p>\n<p>MINISTARSTVO SIGURNOSTI BOSNE I HERCEGOVINE<br \/>\nTRG BiH 1<br \/>\n71000 Sarajevo<br \/>\nBosna i Hercegovina<br \/>\n<a href=\"http:\/\/www.msb.gov.ba\">www.msb.gov.ba<\/a><\/p>\n<p>&nbsp;<\/p>\n<p>&nbsp;<\/p>\n<p>&nbsp;<\/p>","protected":false},"excerpt":{"rendered":"<p>Kratki info Project ID:\u00a0NATO SPS G5894 Web: www.quantum5.eu Tip: Internacionalni istra\u017eiva\u010dki projekat Projektni voditelj:\u00a0 Miralem Mehic Bud\u017eet: 257.000 EUR Osnovni detalji Projekat QUANTUM5 je motivisan potrebom za prakti\u010dnom demonstracijom primjene kvantne distribucije klju\u010deva (QKD) u mre\u017eama pete generacije (5G), pru\u017eaju\u0107i sofisticirane alate za simulaciju i prakti\u010dne smjernice za daljnju konvergenciju kvantne tehnologije. U okviru postoje\u0107e&#8230; <\/p>\n<div class=\"clear\"><\/div>\n<p><a href=\"https:\/\/www.tk.etf.unsa.ba\/bs\/nato-sps-g5894-quantum5\/\" class=\"excerpt-read-more\">Continue Reading<i class=\"fa fa-long-arrow-right icon-long-arrow-right\"><\/i><\/a><\/p>\n","protected":false},"author":2,"featured_media":0,"parent":0,"menu_order":62,"comment_status":"closed","ping_status":"closed","template":"","meta":{"_acf_changed":false,"footnotes":""},"class_list":["post-3738","page","type-page","status-publish","hentry"],"acf":[],"_links":{"self":[{"href":"https:\/\/www.tk.etf.unsa.ba\/bs\/wp-json\/wp\/v2\/pages\/3738","targetHints":{"allow":["GET"]}}],"collection":[{"href":"https:\/\/www.tk.etf.unsa.ba\/bs\/wp-json\/wp\/v2\/pages"}],"about":[{"href":"https:\/\/www.tk.etf.unsa.ba\/bs\/wp-json\/wp\/v2\/types\/page"}],"author":[{"embeddable":true,"href":"https:\/\/www.tk.etf.unsa.ba\/bs\/wp-json\/wp\/v2\/users\/2"}],"replies":[{"embeddable":true,"href":"https:\/\/www.tk.etf.unsa.ba\/bs\/wp-json\/wp\/v2\/comments?post=3738"}],"version-history":[{"count":10,"href":"https:\/\/www.tk.etf.unsa.ba\/bs\/wp-json\/wp\/v2\/pages\/3738\/revisions"}],"predecessor-version":[{"id":3774,"href":"https:\/\/www.tk.etf.unsa.ba\/bs\/wp-json\/wp\/v2\/pages\/3738\/revisions\/3774"}],"wp:attachment":[{"href":"https:\/\/www.tk.etf.unsa.ba\/bs\/wp-json\/wp\/v2\/media?parent=3738"}],"curies":[{"name":"wp","href":"https:\/\/api.w.org\/{rel}","templated":true}]}}