{"id":19,"date":"2018-01-18T17:23:53","date_gmt":"2018-01-18T17:23:53","guid":{"rendered":"https:\/\/www.tk.etf.unsa.ba\/?page_id=19"},"modified":"2021-04-22T13:57:17","modified_gmt":"2021-04-22T12:57:17","slug":"about-us","status":"publish","type":"page","link":"https:\/\/www.tk.etf.unsa.ba\/bs\/about-us\/","title":{"rendered":"O nama"},"content":{"rendered":"<p><a href=\"https:\/\/www.tk.etf.unsa.ba\/wp-content\/uploads\/2019\/06\/we_drone.jpg\"><img loading=\"lazy\" decoding=\"async\" class=\"aligncenter wp-image-966 size-large\" src=\"https:\/\/www.tk.etf.unsa.ba\/wp-content\/uploads\/2019\/06\/we_drone-1024x575.jpg\" alt=\"\" width=\"960\" height=\"539\" \/><\/a><\/p>\n<p>Odsjek za telekomunikacije (DOTFEESA) osnovan je 1976. godine i jedan je od ukupno \u010detiri odsjeka Elektrotehni\u010dkog fakulteta Univerziteta u Sarajevu. Od 2005. godine, nastavni proces uskla\u0111en je sa bolonjskom deklaracijom, a studij je podjeljen na bachelor, master i doktorski studij. Bachleor studij, u trajanju od 3 godine, orijentisan je ka sticanju fundamenata in\u017einjerske prakse i telekomunikacijskih znanja, a o njegovom kvalitetu govori i \u010dinjenica da je program akreditiran od strane ASIIN-a &#8211; njema\u010dke \u010dlanice europske asocijacije za osiguranje kvaliteta u visokom obrazovanju (ENQA). S druge strane, master studij, u trajanju od 2 godine, orijentisan je prakti\u010dnom in\u017einjerskom radu i nau\u010dno-istra\u017eiva\u010dkim aktivnostima.<\/p>\n<p>Elektrotehni\u010dki fakultet, a naro\u010dito Odsjek za telekomunikacije posjeduje savremene laboratorije za radio komunikacije telekomunikacijske tehnike, softverski \u00a0definisane mre\u017ee, serversku laboratoriju i laboratoriju za senzorske mre\u017ee i Internet of Things, u sklopu kojih se izu\u010davaju i prakti\u010dno realizuju komponente i sistemi za be\u017ei\u010dni prenos informacija, aktivni i pasivni mre\u017eni ure\u0111aji, obrada multimedijalnih signala, telekomunikacijski software, te IoT aplikacije bazirane na be\u017ei\u010dnim senzorskim mre\u017eama, upotrebom savremenih simulatora, emulatora i razvojnih platformi kao \u0161to su Arduino, Raspberry Pi, NetFPGA, USRP i drugih.<\/p>\n<p>U toku studija, studenti pored fundamentalnih znanja iz teorijske elektrotehnike, kroz prakti\u010dan rad, laboratorijske vje\u017ebe i projektne zadatke, sti\u010du i specijalisti\u010dka znanja, vje\u0161tine i kompetencije iz oblasti telekomunikacija, koje ih \u010dine konkurentnim na tr\u017ei\u0161tu rada.<\/p>\n\n\t\t<style type=\"text\/css\">\n\t\t\t#gallery-2 {\n\t\t\t\tmargin: auto;\n\t\t\t}\n\t\t\t#gallery-2 .gallery-item {\n\t\t\t\tfloat: left;\n\t\t\t\tmargin-top: 10px;\n\t\t\t\ttext-align: center;\n\t\t\t\twidth: 25%;\n\t\t\t}\n\t\t\t#gallery-2 img {\n\t\t\t\tborder-width: 1px; border-style: solid;\n\t\t\t}\n\t\t\t#gallery-2 .gallery-caption {\n\t\t\t\tmargin-left: 0;\n\t\t\t}\n\t\t\t\/* see gallery_shortcode() in wp-includes\/media.php *\/\n\t\t<\/style>\n\t\t<div id='gallery-2' class='gallery galleryid-19 gallery-columns-4 gallery-size-medium'><dl class='gallery-item'>\n\t\t\t<dt class='gallery-icon landscape'>\n\t\t\t\t<a href='https:\/\/www.tk.etf.unsa.ba\/wp-content\/uploads\/2019\/06\/resized000-2.png'><img loading=\"lazy\" decoding=\"async\" width=\"300\" height=\"201\" src=\"https:\/\/www.tk.etf.unsa.ba\/wp-content\/uploads\/2019\/06\/resized000-2-300x201.png\" class=\"attachment-medium size-medium\" alt=\"\" srcset=\"https:\/\/www.tk.etf.unsa.ba\/wp-content\/uploads\/2019\/06\/resized000-2-300x201.png 300w, https:\/\/www.tk.etf.unsa.ba\/wp-content\/uploads\/2019\/06\/resized000-2-768x515.png 768w, https:\/\/www.tk.etf.unsa.ba\/wp-content\/uploads\/2019\/06\/resized000-2-272x182.png 272w, https:\/\/www.tk.etf.unsa.ba\/wp-content\/uploads\/2019\/06\/resized000-2.png 1024w\" sizes=\"auto, (max-width: 300px) 100vw, 300px\" \/><\/a>\n\t\t\t<\/dt><\/dl><dl class='gallery-item'>\n\t\t\t<dt class='gallery-icon landscape'>\n\t\t\t\t<a href='https:\/\/www.tk.etf.unsa.ba\/wp-content\/uploads\/2019\/06\/resized004-2.png'><img loading=\"lazy\" decoding=\"async\" width=\"300\" height=\"200\" src=\"https:\/\/www.tk.etf.unsa.ba\/wp-content\/uploads\/2019\/06\/resized004-2-300x200.png\" class=\"attachment-medium size-medium\" alt=\"\" srcset=\"https:\/\/www.tk.etf.unsa.ba\/wp-content\/uploads\/2019\/06\/resized004-2-300x200.png 300w, https:\/\/www.tk.etf.unsa.ba\/wp-content\/uploads\/2019\/06\/resized004-2-768x512.png 768w, https:\/\/www.tk.etf.unsa.ba\/wp-content\/uploads\/2019\/06\/resized004-2.png 1024w\" sizes=\"auto, (max-width: 300px) 100vw, 300px\" \/><\/a>\n\t\t\t<\/dt><\/dl><dl class='gallery-item'>\n\t\t\t<dt class='gallery-icon landscape'>\n\t\t\t\t<a href='https:\/\/www.tk.etf.unsa.ba\/wp-content\/uploads\/2019\/06\/resized000-3.png'><img loading=\"lazy\" decoding=\"async\" width=\"300\" height=\"200\" src=\"https:\/\/www.tk.etf.unsa.ba\/wp-content\/uploads\/2019\/06\/resized000-3-300x200.png\" class=\"attachment-medium size-medium\" alt=\"\" srcset=\"https:\/\/www.tk.etf.unsa.ba\/wp-content\/uploads\/2019\/06\/resized000-3-300x200.png 300w, https:\/\/www.tk.etf.unsa.ba\/wp-content\/uploads\/2019\/06\/resized000-3-768x512.png 768w, https:\/\/www.tk.etf.unsa.ba\/wp-content\/uploads\/2019\/06\/resized000-3.png 1024w\" sizes=\"auto, (max-width: 300px) 100vw, 300px\" \/><\/a>\n\t\t\t<\/dt><\/dl><dl class='gallery-item'>\n\t\t\t<dt class='gallery-icon landscape'>\n\t\t\t\t<a href='https:\/\/www.tk.etf.unsa.ba\/wp-content\/uploads\/2019\/06\/resized001-2.png'><img loading=\"lazy\" decoding=\"async\" width=\"300\" height=\"200\" src=\"https:\/\/www.tk.etf.unsa.ba\/wp-content\/uploads\/2019\/06\/resized001-2-300x200.png\" class=\"attachment-medium size-medium\" alt=\"\" srcset=\"https:\/\/www.tk.etf.unsa.ba\/wp-content\/uploads\/2019\/06\/resized001-2-300x200.png 300w, https:\/\/www.tk.etf.unsa.ba\/wp-content\/uploads\/2019\/06\/resized001-2-768x512.png 768w, https:\/\/www.tk.etf.unsa.ba\/wp-content\/uploads\/2019\/06\/resized001-2.png 1024w\" sizes=\"auto, (max-width: 300px) 100vw, 300px\" \/><\/a>\n\t\t\t<\/dt><\/dl><br style=\"clear: both\" \/><dl class='gallery-item'>\n\t\t\t<dt class='gallery-icon landscape'>\n\t\t\t\t<a href='https:\/\/www.tk.etf.unsa.ba\/wp-content\/uploads\/2019\/06\/resized003-1.png'><img loading=\"lazy\" decoding=\"async\" width=\"300\" height=\"200\" src=\"https:\/\/www.tk.etf.unsa.ba\/wp-content\/uploads\/2019\/06\/resized003-1-300x200.png\" class=\"attachment-medium size-medium\" alt=\"\" srcset=\"https:\/\/www.tk.etf.unsa.ba\/wp-content\/uploads\/2019\/06\/resized003-1-300x200.png 300w, https:\/\/www.tk.etf.unsa.ba\/wp-content\/uploads\/2019\/06\/resized003-1-768x512.png 768w, https:\/\/www.tk.etf.unsa.ba\/wp-content\/uploads\/2019\/06\/resized003-1-391x260.png 391w, https:\/\/www.tk.etf.unsa.ba\/wp-content\/uploads\/2019\/06\/resized003-1-272x182.png 272w, https:\/\/www.tk.etf.unsa.ba\/wp-content\/uploads\/2019\/06\/resized003-1.png 1024w\" sizes=\"auto, (max-width: 300px) 100vw, 300px\" \/><\/a>\n\t\t\t<\/dt><\/dl><dl class='gallery-item'>\n\t\t\t<dt class='gallery-icon landscape'>\n\t\t\t\t<a href='https:\/\/www.tk.etf.unsa.ba\/wp-content\/uploads\/2019\/06\/resized007-1.png'><img loading=\"lazy\" decoding=\"async\" width=\"300\" height=\"200\" src=\"https:\/\/www.tk.etf.unsa.ba\/wp-content\/uploads\/2019\/06\/resized007-1-300x200.png\" class=\"attachment-medium size-medium\" alt=\"\" srcset=\"https:\/\/www.tk.etf.unsa.ba\/wp-content\/uploads\/2019\/06\/resized007-1-300x200.png 300w, https:\/\/www.tk.etf.unsa.ba\/wp-content\/uploads\/2019\/06\/resized007-1-768x512.png 768w, https:\/\/www.tk.etf.unsa.ba\/wp-content\/uploads\/2019\/06\/resized007-1.png 1024w\" sizes=\"auto, (max-width: 300px) 100vw, 300px\" \/><\/a>\n\t\t\t<\/dt><\/dl><dl class='gallery-item'>\n\t\t\t<dt class='gallery-icon landscape'>\n\t\t\t\t<a href='https:\/\/www.tk.etf.unsa.ba\/wp-content\/uploads\/2019\/06\/resized006-1.png'><img loading=\"lazy\" decoding=\"async\" width=\"300\" height=\"200\" src=\"https:\/\/www.tk.etf.unsa.ba\/wp-content\/uploads\/2019\/06\/resized006-1-300x200.png\" class=\"attachment-medium size-medium\" alt=\"\" srcset=\"https:\/\/www.tk.etf.unsa.ba\/wp-content\/uploads\/2019\/06\/resized006-1-300x200.png 300w, https:\/\/www.tk.etf.unsa.ba\/wp-content\/uploads\/2019\/06\/resized006-1-768x512.png 768w, https:\/\/www.tk.etf.unsa.ba\/wp-content\/uploads\/2019\/06\/resized006-1-391x260.png 391w, https:\/\/www.tk.etf.unsa.ba\/wp-content\/uploads\/2019\/06\/resized006-1-272x182.png 272w, https:\/\/www.tk.etf.unsa.ba\/wp-content\/uploads\/2019\/06\/resized006-1.png 1024w\" sizes=\"auto, (max-width: 300px) 100vw, 300px\" \/><\/a>\n\t\t\t<\/dt><\/dl><dl class='gallery-item'>\n\t\t\t<dt class='gallery-icon landscape'>\n\t\t\t\t<a href='https:\/\/www.tk.etf.unsa.ba\/wp-content\/uploads\/2019\/06\/resized002-1.png'><img loading=\"lazy\" decoding=\"async\" width=\"300\" height=\"200\" src=\"https:\/\/www.tk.etf.unsa.ba\/wp-content\/uploads\/2019\/06\/resized002-1-300x200.png\" class=\"attachment-medium size-medium\" alt=\"\" srcset=\"https:\/\/www.tk.etf.unsa.ba\/wp-content\/uploads\/2019\/06\/resized002-1-300x200.png 300w, https:\/\/www.tk.etf.unsa.ba\/wp-content\/uploads\/2019\/06\/resized002-1-768x512.png 768w, https:\/\/www.tk.etf.unsa.ba\/wp-content\/uploads\/2019\/06\/resized002-1-391x260.png 391w, https:\/\/www.tk.etf.unsa.ba\/wp-content\/uploads\/2019\/06\/resized002-1-272x182.png 272w, https:\/\/www.tk.etf.unsa.ba\/wp-content\/uploads\/2019\/06\/resized002-1.png 1024w\" sizes=\"auto, (max-width: 300px) 100vw, 300px\" \/><\/a>\n\t\t\t<\/dt><\/dl><br style=\"clear: both\" \/><dl class='gallery-item'>\n\t\t\t<dt class='gallery-icon landscape'>\n\t\t\t\t<a href='https:\/\/www.tk.etf.unsa.ba\/wp-content\/uploads\/2019\/06\/resized002-2.png'><img loading=\"lazy\" decoding=\"async\" width=\"300\" height=\"200\" src=\"https:\/\/www.tk.etf.unsa.ba\/wp-content\/uploads\/2019\/06\/resized002-2-300x200.png\" class=\"attachment-medium size-medium\" alt=\"\" srcset=\"https:\/\/www.tk.etf.unsa.ba\/wp-content\/uploads\/2019\/06\/resized002-2-300x200.png 300w, https:\/\/www.tk.etf.unsa.ba\/wp-content\/uploads\/2019\/06\/resized002-2-768x512.png 768w, https:\/\/www.tk.etf.unsa.ba\/wp-content\/uploads\/2019\/06\/resized002-2.png 1024w\" sizes=\"auto, (max-width: 300px) 100vw, 300px\" \/><\/a>\n\t\t\t<\/dt><\/dl><dl class='gallery-item'>\n\t\t\t<dt class='gallery-icon landscape'>\n\t\t\t\t<a href='https:\/\/www.tk.etf.unsa.ba\/wp-content\/uploads\/2019\/06\/resized004-1.png'><img loading=\"lazy\" decoding=\"async\" width=\"300\" height=\"200\" src=\"https:\/\/www.tk.etf.unsa.ba\/wp-content\/uploads\/2019\/06\/resized004-1-300x200.png\" class=\"attachment-medium size-medium\" alt=\"\" srcset=\"https:\/\/www.tk.etf.unsa.ba\/wp-content\/uploads\/2019\/06\/resized004-1-300x200.png 300w, https:\/\/www.tk.etf.unsa.ba\/wp-content\/uploads\/2019\/06\/resized004-1-768x512.png 768w, https:\/\/www.tk.etf.unsa.ba\/wp-content\/uploads\/2019\/06\/resized004-1-391x260.png 391w, https:\/\/www.tk.etf.unsa.ba\/wp-content\/uploads\/2019\/06\/resized004-1-272x182.png 272w, https:\/\/www.tk.etf.unsa.ba\/wp-content\/uploads\/2019\/06\/resized004-1.png 1024w\" sizes=\"auto, (max-width: 300px) 100vw, 300px\" \/><\/a>\n\t\t\t<\/dt><\/dl><dl class='gallery-item'>\n\t\t\t<dt class='gallery-icon landscape'>\n\t\t\t\t<a href='https:\/\/www.tk.etf.unsa.ba\/wp-content\/uploads\/2019\/06\/resized005-1.png'><img loading=\"lazy\" decoding=\"async\" width=\"300\" height=\"191\" src=\"https:\/\/www.tk.etf.unsa.ba\/wp-content\/uploads\/2019\/06\/resized005-1-300x191.png\" class=\"attachment-medium size-medium\" alt=\"\" srcset=\"https:\/\/www.tk.etf.unsa.ba\/wp-content\/uploads\/2019\/06\/resized005-1-300x191.png 300w, https:\/\/www.tk.etf.unsa.ba\/wp-content\/uploads\/2019\/06\/resized005-1-768x488.png 768w, https:\/\/www.tk.etf.unsa.ba\/wp-content\/uploads\/2019\/06\/resized005-1.png 1024w\" sizes=\"auto, (max-width: 300px) 100vw, 300px\" \/><\/a>\n\t\t\t<\/dt><\/dl><dl class='gallery-item'>\n\t\t\t<dt class='gallery-icon landscape'>\n\t\t\t\t<a href='https:\/\/www.tk.etf.unsa.ba\/wp-content\/uploads\/2019\/06\/resized001-1.png'><img loading=\"lazy\" decoding=\"async\" width=\"300\" height=\"200\" src=\"https:\/\/www.tk.etf.unsa.ba\/wp-content\/uploads\/2019\/06\/resized001-1-300x200.png\" class=\"attachment-medium size-medium\" alt=\"\" srcset=\"https:\/\/www.tk.etf.unsa.ba\/wp-content\/uploads\/2019\/06\/resized001-1-300x200.png 300w, https:\/\/www.tk.etf.unsa.ba\/wp-content\/uploads\/2019\/06\/resized001-1-768x512.png 768w, https:\/\/www.tk.etf.unsa.ba\/wp-content\/uploads\/2019\/06\/resized001-1-391x260.png 391w, https:\/\/www.tk.etf.unsa.ba\/wp-content\/uploads\/2019\/06\/resized001-1-272x182.png 272w, https:\/\/www.tk.etf.unsa.ba\/wp-content\/uploads\/2019\/06\/resized001-1.png 1024w\" sizes=\"auto, (max-width: 300px) 100vw, 300px\" \/><\/a>\n\t\t\t<\/dt><\/dl><br style=\"clear: both\" \/><dl class='gallery-item'>\n\t\t\t<dt class='gallery-icon landscape'>\n\t\t\t\t<a href='https:\/\/www.tk.etf.unsa.ba\/wp-content\/uploads\/2019\/06\/resized006-2.png'><img loading=\"lazy\" decoding=\"async\" width=\"300\" height=\"200\" src=\"https:\/\/www.tk.etf.unsa.ba\/wp-content\/uploads\/2019\/06\/resized006-2-300x200.png\" class=\"attachment-medium size-medium\" alt=\"\" srcset=\"https:\/\/www.tk.etf.unsa.ba\/wp-content\/uploads\/2019\/06\/resized006-2-300x200.png 300w, https:\/\/www.tk.etf.unsa.ba\/wp-content\/uploads\/2019\/06\/resized006-2-768x512.png 768w, https:\/\/www.tk.etf.unsa.ba\/wp-content\/uploads\/2019\/06\/resized006-2.png 1024w\" sizes=\"auto, (max-width: 300px) 100vw, 300px\" \/><\/a>\n\t\t\t<\/dt><\/dl><dl class='gallery-item'>\n\t\t\t<dt class='gallery-icon landscape'>\n\t\t\t\t<a href='https:\/\/www.tk.etf.unsa.ba\/wp-content\/uploads\/2019\/06\/resized008.png'><img loading=\"lazy\" decoding=\"async\" width=\"300\" height=\"200\" src=\"https:\/\/www.tk.etf.unsa.ba\/wp-content\/uploads\/2019\/06\/resized008-300x200.png\" class=\"attachment-medium size-medium\" alt=\"\" srcset=\"https:\/\/www.tk.etf.unsa.ba\/wp-content\/uploads\/2019\/06\/resized008-300x200.png 300w, https:\/\/www.tk.etf.unsa.ba\/wp-content\/uploads\/2019\/06\/resized008-768x512.png 768w, https:\/\/www.tk.etf.unsa.ba\/wp-content\/uploads\/2019\/06\/resized008.png 1024w\" sizes=\"auto, (max-width: 300px) 100vw, 300px\" \/><\/a>\n\t\t\t<\/dt><\/dl><dl class='gallery-item'>\n\t\t\t<dt class='gallery-icon landscape'>\n\t\t\t\t<a href='https:\/\/www.tk.etf.unsa.ba\/wp-content\/uploads\/2019\/06\/resized009.png'><img loading=\"lazy\" decoding=\"async\" width=\"300\" height=\"188\" src=\"https:\/\/www.tk.etf.unsa.ba\/wp-content\/uploads\/2019\/06\/resized009-300x188.png\" class=\"attachment-medium size-medium\" alt=\"\" srcset=\"https:\/\/www.tk.etf.unsa.ba\/wp-content\/uploads\/2019\/06\/resized009-300x188.png 300w, https:\/\/www.tk.etf.unsa.ba\/wp-content\/uploads\/2019\/06\/resized009-768x480.png 768w, https:\/\/www.tk.etf.unsa.ba\/wp-content\/uploads\/2019\/06\/resized009.png 1024w\" sizes=\"auto, (max-width: 300px) 100vw, 300px\" \/><\/a>\n\t\t\t<\/dt><\/dl><dl class='gallery-item'>\n\t\t\t<dt class='gallery-icon landscape'>\n\t\t\t\t<a href='https:\/\/www.tk.etf.unsa.ba\/wp-content\/uploads\/2019\/06\/resized003-2.png'><img loading=\"lazy\" decoding=\"async\" width=\"300\" height=\"200\" src=\"https:\/\/www.tk.etf.unsa.ba\/wp-content\/uploads\/2019\/06\/resized003-2-300x200.png\" class=\"attachment-medium size-medium\" alt=\"\" srcset=\"https:\/\/www.tk.etf.unsa.ba\/wp-content\/uploads\/2019\/06\/resized003-2-300x200.png 300w, https:\/\/www.tk.etf.unsa.ba\/wp-content\/uploads\/2019\/06\/resized003-2-768x512.png 768w, https:\/\/www.tk.etf.unsa.ba\/wp-content\/uploads\/2019\/06\/resized003-2.png 1024w\" sizes=\"auto, (max-width: 300px) 100vw, 300px\" \/><\/a>\n\t\t\t<\/dt><\/dl><br style=\"clear: both\" \/>\n\t\t<\/div>\n\n<p>&nbsp;<\/p>\n<p>Dominantni i alternativni pru\u017eaoci telekomunikacionih usluga, kompanije iz oblasti saobra\u0107ajnih, transportnih i logisti\u010dkih usluga, javni i privatni RTV servisi, javne ustanove, regulatorne kompanije, kompanije iz oblasti projektovanja, izvedbe i nadzora ITK sistema, industrije softvera i jo\u0161 mnoge druge kompanije, samo su neke od podru\u010dja zapo\u0161ljavanja diplomiranih studenata elektrotehnike, telekomonunikacijskog usmjerenja, te profili kompanija koji svakodnevno tragaju za in\u017einjerima telekomunikacija.<\/p>\n<p>Uz kvalitetan nastavni kadar, studenti imaju mogu\u0107nost sara\u0111ivati sa me\u0111unarodnim akademskim i industrijskim partnerima, a studentima je, u okviru \u00a0Erasmus+, CEEPUS, DAAD i Mevlana projekata razmjene studenata, omogu\u0107eno studiranje dijela studija na partnerskim univerzitetima u velikom broju Evropskih zemalja.<\/p>\n<p>Pored toga, u sklopu Erasmus+ projekata razmjene nastavnog osoblja, studenti vrlo \u010desto imaju priliku prisustvovati razli\u010ditim radionicama i predavanjima stranih predava\u010da, a kao rezultat saradnje sa brojnim privrednim subjektima, imaju prilike i za \u010deste posjete kompanijama koje posjeduju tehni\u010dke resurse i znanja od interesa za edukaciju studenata.<\/p>\n<p>Odsjek za telekomunikacije je realizirao brojne lokalne i \u00a0me\u0111unarodne nau\u010dno-istra\u017eiva\u010dke projekte, te nastoji ja\u010dati saradnju sa industrijskim partnerima sa ciljem unaprije\u0111enja telekomunikacijskog sektora Bosne i Hercegovine.<\/p>\n<p><strong>DONESI ISPRAVNU ODLUKU, IZABERI ELEKTROTEHNI\u010cKI FAKULTET, IZABERI TELEKOMUNIKACIJE!<\/strong><\/p>\n<p><em>Let's stay connected!<\/em><\/p>","protected":false},"excerpt":{"rendered":"<p>Odsjek za telekomunikacije (DOTFEESA) osnovan je 1976. godine i jedan je od ukupno \u010detiri odsjeka Elektrotehni\u010dkog fakulteta Univerziteta u Sarajevu. Od 2005. godine, nastavni proces uskla\u0111en je sa bolonjskom deklaracijom, a studij je podjeljen na bachelor, master i doktorski studij. Bachleor studij, u trajanju od 3 godine, orijentisan je ka sticanju fundamenata in\u017einjerske prakse i&#8230; <\/p>\n<div class=\"clear\"><\/div>\n<p><a href=\"https:\/\/www.tk.etf.unsa.ba\/bs\/about-us\/\" class=\"excerpt-read-more\">Continue Reading<i class=\"fa fa-long-arrow-right icon-long-arrow-right\"><\/i><\/a><\/p>\n","protected":false},"author":1,"featured_media":0,"parent":0,"menu_order":1,"comment_status":"closed","ping_status":"closed","template":"","meta":{"_acf_changed":false,"footnotes":""},"class_list":["post-19","page","type-page","status-publish","hentry"],"acf":[],"_links":{"self":[{"href":"https:\/\/www.tk.etf.unsa.ba\/bs\/wp-json\/wp\/v2\/pages\/19","targetHints":{"allow":["GET"]}}],"collection":[{"href":"https:\/\/www.tk.etf.unsa.ba\/bs\/wp-json\/wp\/v2\/pages"}],"about":[{"href":"https:\/\/www.tk.etf.unsa.ba\/bs\/wp-json\/wp\/v2\/types\/page"}],"author":[{"embeddable":true,"href":"https:\/\/www.tk.etf.unsa.ba\/bs\/wp-json\/wp\/v2\/users\/1"}],"replies":[{"embeddable":true,"href":"https:\/\/www.tk.etf.unsa.ba\/bs\/wp-json\/wp\/v2\/comments?post=19"}],"version-history":[{"count":10,"href":"https:\/\/www.tk.etf.unsa.ba\/bs\/wp-json\/wp\/v2\/pages\/19\/revisions"}],"predecessor-version":[{"id":3925,"href":"https:\/\/www.tk.etf.unsa.ba\/bs\/wp-json\/wp\/v2\/pages\/19\/revisions\/3925"}],"wp:attachment":[{"href":"https:\/\/www.tk.etf.unsa.ba\/bs\/wp-json\/wp\/v2\/media?parent=19"}],"curies":[{"name":"wp","href":"https:\/\/api.w.org\/{rel}","templated":true}]}}