{"id":167,"date":"2018-01-19T17:57:05","date_gmt":"2018-01-19T17:57:05","guid":{"rendered":"https:\/\/www.tk.etf.unsa.ba\/?page_id=167"},"modified":"2026-02-26T19:24:57","modified_gmt":"2026-02-26T18:24:57","slug":"laboratories","status":"publish","type":"page","link":"https:\/\/www.tk.etf.unsa.ba\/bs\/laboratories\/","title":{"rendered":"Laboratorije"},"content":{"rendered":"<p>Laboratorijski kompleks unutar Odsjeka za telekomunikacije se sastoji od \u010detiri specijalizirane laboratorije:<\/p>\n<ul>\n<li><a href=\"https:\/\/www.tk.etf.unsa.ba\/bs\/laboratories\/laboratory-for-radio-communications\">Laboratorija za radio komunikacije<\/a><\/li>\n<li><a href=\"https:\/\/www.tk.etf.unsa.ba\/bs\/laboratories\/laboratory-for-telecommunication-networks\">Laboratorija za telekomunikacijske mre\u017ee<\/a><\/li>\n<li><a href=\"https:\/\/www.tk.etf.unsa.ba\/bs\/laboratories\/laboratory-for-sdn\">Laboratorija za softverski definisane mre\u017ee<\/a><\/li>\n<li><a href=\"https:\/\/www.tk.etf.unsa.ba\/bs\/laboratories\/laboratory-for-telecommunication-services\">Laboratorija za telekomunikacijske usluge<\/a><\/li>\n<li><a href=\"https:\/\/www.tk.etf.unsa.ba\/bs\/laboratories\/optical-and-quantum-communications-laboratory\/\">Laboratorija za optiku i kvantnu komunikaciju<\/a><\/li>\n<\/ul>\n<p>Na podstranici svake laboratorije se nalaze informacije o dostupnoj opremi i njenoj primjeni. Studenti sva tri ciklusa studija se motivi\u0161u da koriste laboratorije u skladu sa njihovom namjenom, kako u nastavnom procesu, tako i u istra\u017eiva\u010dkom radu.<\/p>","protected":false},"excerpt":{"rendered":"<p>Laboratorijski kompleks unutar Odsjeka za telekomunikacije se sastoji od \u010detiri specijalizirane laboratorije: Laboratorija za radio komunikacije Laboratorija za telekomunikacijske mre\u017ee Laboratorija za softverski definisane mre\u017ee Laboratorija za telekomunikacijske usluge Laboratorija za optiku i kvantnu komunikaciju Na podstranici svake laboratorije se nalaze informacije o dostupnoj opremi i njenoj primjeni. Studenti sva tri ciklusa studija se motivi\u0161u&#8230; <\/p>\n<div class=\"clear\"><\/div>\n<p><a href=\"https:\/\/www.tk.etf.unsa.ba\/bs\/laboratories\/\" class=\"excerpt-read-more\">Continue Reading<i class=\"fa fa-long-arrow-right icon-long-arrow-right\"><\/i><\/a><\/p>\n","protected":false},"author":1,"featured_media":0,"parent":0,"menu_order":3,"comment_status":"closed","ping_status":"closed","template":"","meta":{"_acf_changed":false,"footnotes":""},"class_list":["post-167","page","type-page","status-publish","hentry"],"acf":[],"_links":{"self":[{"href":"https:\/\/www.tk.etf.unsa.ba\/bs\/wp-json\/wp\/v2\/pages\/167","targetHints":{"allow":["GET"]}}],"collection":[{"href":"https:\/\/www.tk.etf.unsa.ba\/bs\/wp-json\/wp\/v2\/pages"}],"about":[{"href":"https:\/\/www.tk.etf.unsa.ba\/bs\/wp-json\/wp\/v2\/types\/page"}],"author":[{"embeddable":true,"href":"https:\/\/www.tk.etf.unsa.ba\/bs\/wp-json\/wp\/v2\/users\/1"}],"replies":[{"embeddable":true,"href":"https:\/\/www.tk.etf.unsa.ba\/bs\/wp-json\/wp\/v2\/comments?post=167"}],"version-history":[{"count":10,"href":"https:\/\/www.tk.etf.unsa.ba\/bs\/wp-json\/wp\/v2\/pages\/167\/revisions"}],"predecessor-version":[{"id":57167,"href":"https:\/\/www.tk.etf.unsa.ba\/bs\/wp-json\/wp\/v2\/pages\/167\/revisions\/57167"}],"wp:attachment":[{"href":"https:\/\/www.tk.etf.unsa.ba\/bs\/wp-json\/wp\/v2\/media?parent=167"}],"curies":[{"name":"wp","href":"https:\/\/api.w.org\/{rel}","templated":true}]}}