{"id":128,"date":"2018-01-19T15:46:40","date_gmt":"2018-01-19T15:46:40","guid":{"rendered":"https:\/\/www.tk.etf.unsa.ba\/bs\/?page_id=128"},"modified":"2021-03-13T10:54:57","modified_gmt":"2021-03-13T09:54:57","slug":"staff","status":"publish","type":"page","link":"https:\/\/www.tk.etf.unsa.ba\/bs\/staff\/","title":{"rendered":"Osoblje"},"content":{"rendered":"<p><\/p>\n<h3>Nastavno osoblje sa drugih odsjeka Elektrotehni\u010dkog fakulteta i organizacionih jedinica Univerziteta u Sarajevu i van BiH<\/h3>\n<ul>\n<li>Red.prof.dr Vladimir Lipovac, dipl.ing.el.<\/li>\n<li>Red.prof.dr Mustafa Musi\u0107, dipl.ing.el.<\/li>\n<li>Vanr.prof.dr Irfan Turkovi\u0107, dipl.ing.el.<\/li>\n<li>Vanr.prof.dr Sa\u0161a Mrdovi\u0107, dipl.ing.el.<\/li>\n<li>Vanr.prof.dr Kemal Hajdarevi\u0107, dipl.ing.el.<\/li>\n<li>Vanr.prof.dr Du\u0161anka Bo\u0161kovi\u0107, dipl.ing.el.<\/li>\n<li>Doc.dr Emir Soki\u0107, dipl.ing.el.<\/li>\n<li>Doc.dr Tarik Uzunovi\u0107, dipl.ing.el.<\/li>\n<li>Doc.dr Moamer Hasanovi\u0107, dipl.ing.el. (Indian River State College, SAD)<\/li>\n<li>Doc.dr Adnan Huremovi\u0107, dipl.ing.el. (Fakultet za saobra\u0107aj i komunikacije)<\/li>\n<\/ul>\n<p lang=\"bs-BA\" align=\"left\">\n<p><\/p>","protected":false},"excerpt":{"rendered":"<p>Nastavno osoblje sa drugih odsjeka Elektrotehni\u010dkog fakulteta i organizacionih jedinica Univerziteta u Sarajevu i van BiH Red.prof.dr Vladimir Lipovac, dipl.ing.el. Red.prof.dr Mustafa Musi\u0107, dipl.ing.el. Vanr.prof.dr Irfan Turkovi\u0107, dipl.ing.el. Vanr.prof.dr Sa\u0161a Mrdovi\u0107, dipl.ing.el. Vanr.prof.dr Kemal Hajdarevi\u0107, dipl.ing.el. Vanr.prof.dr Du\u0161anka Bo\u0161kovi\u0107, dipl.ing.el. Doc.dr Emir Soki\u0107, dipl.ing.el. Doc.dr Tarik Uzunovi\u0107, dipl.ing.el. Doc.dr Moamer Hasanovi\u0107, dipl.ing.el. (Indian River State&#8230; <\/p>\n<div class=\"clear\"><\/div>\n<p><a href=\"https:\/\/www.tk.etf.unsa.ba\/bs\/staff\/\" class=\"excerpt-read-more\">Continue Reading<i class=\"fa fa-long-arrow-right icon-long-arrow-right\"><\/i><\/a><\/p>\n","protected":false},"author":1,"featured_media":0,"parent":0,"menu_order":1,"comment_status":"closed","ping_status":"closed","template":"about_us.php","meta":{"_acf_changed":false,"footnotes":""},"class_list":["post-128","page","type-page","status-publish","hentry","page_category-staff"],"acf":[],"_links":{"self":[{"href":"https:\/\/www.tk.etf.unsa.ba\/bs\/wp-json\/wp\/v2\/pages\/128","targetHints":{"allow":["GET"]}}],"collection":[{"href":"https:\/\/www.tk.etf.unsa.ba\/bs\/wp-json\/wp\/v2\/pages"}],"about":[{"href":"https:\/\/www.tk.etf.unsa.ba\/bs\/wp-json\/wp\/v2\/types\/page"}],"author":[{"embeddable":true,"href":"https:\/\/www.tk.etf.unsa.ba\/bs\/wp-json\/wp\/v2\/users\/1"}],"replies":[{"embeddable":true,"href":"https:\/\/www.tk.etf.unsa.ba\/bs\/wp-json\/wp\/v2\/comments?post=128"}],"version-history":[{"count":4,"href":"https:\/\/www.tk.etf.unsa.ba\/bs\/wp-json\/wp\/v2\/pages\/128\/revisions"}],"predecessor-version":[{"id":3788,"href":"https:\/\/www.tk.etf.unsa.ba\/bs\/wp-json\/wp\/v2\/pages\/128\/revisions\/3788"}],"wp:attachment":[{"href":"https:\/\/www.tk.etf.unsa.ba\/bs\/wp-json\/wp\/v2\/media?parent=128"}],"curies":[{"name":"wp","href":"https:\/\/api.w.org\/{rel}","templated":true}]}}